{"id":15564,"date":"2025-09-24T16:08:25","date_gmt":"2025-09-24T13:08:25","guid":{"rendered":"https:\/\/duckdeco.lt\/?post_type=product&#038;p=15564"},"modified":"2025-12-18T12:07:17","modified_gmt":"2025-12-18T10:07:17","slug":"pagalvele-rose","status":"publish","type":"product","link":"https:\/\/duckdeco.lt\/lt\/product\/pagalvele-rose\/","title":{"rendered":"Pagalv\u0117l\u0117 &#8211; Rose"},"content":{"rendered":"<ul>\n<li><span class=\"HwtZe\" lang=\"lt\"><span class=\"jCAhz ChMk0b\"><span class=\"ryNqvb\">\u0160i dekoratyvin\u0117 pagalv\u0117l\u0117 pasi\u017eymi \u0161velniu \u0161viesiai ro\u017einiu atspalviu ir yra pagaminta i\u0161 nuostabiai mink\u0161tos med\u017eiagos su patogiu u\u017etrauktuku, tod\u0117l u\u017evalkal\u0105 lengva skalbti.<\/span><\/span> <\/span><\/li>\n<li><span class=\"HwtZe\" lang=\"lt\"><span class=\"jCAhz ChMk0b\"><span class=\"ryNqvb\">Subtili ro\u017ein\u0117 spalva sukuria \u0161ilt\u0105 ir jauki\u0105 atmosfer\u0105, ta\u010diau n\u0117ra pernelyg ry\u0161ki.<\/span><\/span> <span class=\"jCAhz JpY6Fd\"><span class=\"ryNqvb\">Audinys yra aksominio blizgesio, tod\u0117l atspalvis \u0161iek tiek kei\u010diasi priklausomai nuo ap\u0161vietimo.<\/span><\/span><\/span><\/li>\n<li><span class=\"HwtZe\" lang=\"lt\"><span class=\"jCAhz JpY6Fd\"><span class=\"ryNqvb\">Detal\u0117s: med\u017eiaga &#8211;\u00a0<\/span><\/span><\/span><span class=\"HwtZe\" lang=\"lt\"><span class=\"jCAhz JpY6Fd\"><span class=\"ryNqvb\">100 % poliesteris. <\/span><\/span><\/span><\/li>\n<li><span class=\"HwtZe\" lang=\"lt\"><span class=\"HwtZe\" lang=\"lt\"><span class=\"jCAhz JpY6Fd\"><span class=\"ryNqvb\">Spalva &#8211; \u0161viesi ro\u017ein\u0117.\u00a0\u00a0<\/span><\/span><\/span><\/span><br \/>\n<table width=\"405\">\n<tbody>\n<tr>\n<td width=\"91\">I\u0161matavimai: Ilgis 45 cm \/ Plotis 45 cm<\/td>\n<\/tr>\n<\/tbody>\n<\/table>\n<p>&nbsp;<\/li>\n<\/ul>\n","protected":false},"excerpt":{"rendered":"<p>\u0160i dekoratyvin\u0117 pagalv\u0117l\u0117 pasi\u017eymi \u0161velniu \u0161viesiai ro\u017einiu atspalviu ir yra pagaminta i\u0161 nuostabiai mink\u0161tos med\u017eiagos su patogiu u\u017etrauktuku, tod\u0117l u\u017evalkal\u0105 lengva skalbti. Subtili ro\u017ein\u0117 spalva sukuria \u0161ilt\u0105 ir jauki\u0105 atmosfer\u0105, ta\u010diau n\u0117ra pernelyg ry\u0161ki. Audinys yra aksominio blizgesio, tod\u0117l atspalvis \u0161iek tiek kei\u010diasi priklausomai nuo ap\u0161vietimo. Detal\u0117s: med\u017eiaga &#8211;\u00a0100 % poliesteris. Spalva &#8211; \u0161viesi ro\u017ein\u0117.\u00a0\u00a0 &hellip; <br \/><a href=\"https:\/\/duckdeco.lt\/lt\/product\/pagalvele-rose\/\" class=\"more-link\">Continue reading <span class=\"screen-reader-text\">Pagalv\u0117l\u0117 &#8211; Rose<\/span><\/a><\/p>\n","protected":false},"featured_media":15565,"template":"","meta":{"_monsterinsights_skip_tracking":false,"_monsterinsights_sitenote_active":false,"_monsterinsights_sitenote_note":"","_monsterinsights_sitenote_category":0},"product_brand":[],"product_cat":[122,137],"product_tag":[],"class_list":{"0":"post-15564","1":"product","2":"type-product","3":"status-publish","4":"has-post-thumbnail","6":"product_cat-ispardavimas","7":"product_cat-pagalveles-deco","9":"first","10":"outofstock","11":"sale","12":"taxable","13":"shipping-taxable","14":"purchasable","15":"product-type-simple"},"_links":{"self":[{"href":"https:\/\/duckdeco.lt\/lt\/wp-json\/wp\/v2\/product\/15564","targetHints":{"allow":["GET"]}}],"collection":[{"href":"https:\/\/duckdeco.lt\/lt\/wp-json\/wp\/v2\/product"}],"about":[{"href":"https:\/\/duckdeco.lt\/lt\/wp-json\/wp\/v2\/types\/product"}],"version-history":[{"count":1,"href":"https:\/\/duckdeco.lt\/lt\/wp-json\/wp\/v2\/product\/15564\/revisions"}],"predecessor-version":[{"id":15566,"href":"https:\/\/duckdeco.lt\/lt\/wp-json\/wp\/v2\/product\/15564\/revisions\/15566"}],"wp:featuredmedia":[{"embeddable":true,"href":"https:\/\/duckdeco.lt\/lt\/wp-json\/wp\/v2\/media\/15565"}],"wp:attachment":[{"href":"https:\/\/duckdeco.lt\/lt\/wp-json\/wp\/v2\/media?parent=15564"}],"wp:term":[{"taxonomy":"product_brand","embeddable":true,"href":"https:\/\/duckdeco.lt\/lt\/wp-json\/wp\/v2\/product_brand?post=15564"},{"taxonomy":"product_cat","embeddable":true,"href":"https:\/\/duckdeco.lt\/lt\/wp-json\/wp\/v2\/product_cat?post=15564"},{"taxonomy":"product_tag","embeddable":true,"href":"https:\/\/duckdeco.lt\/lt\/wp-json\/wp\/v2\/product_tag?post=15564"}],"curies":[{"name":"wp","href":"https:\/\/api.w.org\/{rel}","templated":true}]}}