{"id":15609,"date":"2025-11-25T15:57:33","date_gmt":"2025-11-25T13:57:33","guid":{"rendered":"https:\/\/duckdeco.lt\/?post_type=product&#038;p=15609"},"modified":"2025-11-25T15:57:54","modified_gmt":"2025-11-25T13:57:54","slug":"keramikine-zuvis-m","status":"publish","type":"product","link":"https:\/\/duckdeco.lt\/lt\/product\/keramikine-zuvis-m\/","title":{"rendered":"Keramikin\u0117 \u017euvis M"},"content":{"rendered":"<ul>\n<li>\u201eCountryfield\u201c yra pirmaujantis stiling\u0173 ir mading\u0173 nam\u0173 dekoro element\u0173, skirt\u0173 \u012fvairiems interjero stiliams, prek\u0117s \u017eenklas.<\/li>\n<li>Visi kolekcij\u0173 elementai yra kruop\u0161\u010diai ir aistringai atrinkti, atsi\u017evelgiant \u012f naujausias tendencijas. Paverskite savo namus stilingais ir jaukiais namais su \u201eCountryfield\u201c nam\u0173 dekoro elementais!<\/li>\n<li>Detal\u0117s: med\u017eiaga &#8211; keramika.<\/li>\n<li>Spalva &#8211; m\u0117lyna.<\/li>\n<\/ul>\n<table width=\"405\">\n<tbody>\n<tr>\n<td width=\"91\">I\u0161matavimai: Auk\u0161tis 16 cm.<\/td>\n<\/tr>\n<\/tbody>\n<\/table>\n<p>&nbsp;<\/p>\n","protected":false},"excerpt":{"rendered":"<p>\u201eCountryfield\u201c yra pirmaujantis stiling\u0173 ir mading\u0173 nam\u0173 dekoro element\u0173, skirt\u0173 \u012fvairiems interjero stiliams, prek\u0117s \u017eenklas. Visi kolekcij\u0173 elementai yra kruop\u0161\u010diai ir aistringai atrinkti, atsi\u017evelgiant \u012f naujausias tendencijas. Paverskite savo namus stilingais ir jaukiais namais su \u201eCountryfield\u201c nam\u0173 dekoro elementais! Detal\u0117s: med\u017eiaga &#8211; keramika. Spalva &#8211; m\u0117lyna. I\u0161matavimai: Auk\u0161tis 16 cm. &nbsp;<\/p>\n","protected":false},"featured_media":15610,"template":"","meta":{"_monsterinsights_skip_tracking":false,"_monsterinsights_sitenote_active":false,"_monsterinsights_sitenote_note":"","_monsterinsights_sitenote_category":0},"product_brand":[],"product_cat":[95,130],"product_tag":[533],"class_list":{"0":"post-15609","1":"product","2":"type-product","3":"status-publish","4":"has-post-thumbnail","6":"product_cat-interjerui","7":"product_cat-statuleles-deco","8":"product_tag-statulele-zuvis","10":"first","11":"instock","12":"taxable","13":"shipping-taxable","14":"purchasable","15":"product-type-simple"},"_links":{"self":[{"href":"https:\/\/duckdeco.lt\/lt\/wp-json\/wp\/v2\/product\/15609","targetHints":{"allow":["GET"]}}],"collection":[{"href":"https:\/\/duckdeco.lt\/lt\/wp-json\/wp\/v2\/product"}],"about":[{"href":"https:\/\/duckdeco.lt\/lt\/wp-json\/wp\/v2\/types\/product"}],"version-history":[{"count":1,"href":"https:\/\/duckdeco.lt\/lt\/wp-json\/wp\/v2\/product\/15609\/revisions"}],"predecessor-version":[{"id":15612,"href":"https:\/\/duckdeco.lt\/lt\/wp-json\/wp\/v2\/product\/15609\/revisions\/15612"}],"wp:featuredmedia":[{"embeddable":true,"href":"https:\/\/duckdeco.lt\/lt\/wp-json\/wp\/v2\/media\/15610"}],"wp:attachment":[{"href":"https:\/\/duckdeco.lt\/lt\/wp-json\/wp\/v2\/media?parent=15609"}],"wp:term":[{"taxonomy":"product_brand","embeddable":true,"href":"https:\/\/duckdeco.lt\/lt\/wp-json\/wp\/v2\/product_brand?post=15609"},{"taxonomy":"product_cat","embeddable":true,"href":"https:\/\/duckdeco.lt\/lt\/wp-json\/wp\/v2\/product_cat?post=15609"},{"taxonomy":"product_tag","embeddable":true,"href":"https:\/\/duckdeco.lt\/lt\/wp-json\/wp\/v2\/product_tag?post=15609"}],"curies":[{"name":"wp","href":"https:\/\/api.w.org\/{rel}","templated":true}]}}