{"id":15616,"date":"2025-11-28T16:29:38","date_gmt":"2025-11-28T14:29:38","guid":{"rendered":"https:\/\/duckdeco.lt\/?post_type=product&#038;p=15616"},"modified":"2025-12-01T13:07:53","modified_gmt":"2025-12-01T11:07:53","slug":"vaza-larissa-i","status":"publish","type":"product","link":"https:\/\/duckdeco.lt\/lt\/product\/vaza-larissa-i\/","title":{"rendered":"Vaza Larissa I"},"content":{"rendered":"<ul>\n<li>Vaza \u201eLarissa\u201c i\u0161 Villa Pottery prek\u0117s \u017eenklo kolekcijos \u2013 tai linija, kuri\u0105 geriausiai galima apib\u016bdinti kaip linksm\u0105, gaivi\u0105 ir \u0161iek tiek kitoki\u0105.<\/li>\n<li>Pasi\u017eymi linksma i\u0161vaizda, daugybe \u0161vie\u017ei\u0173 spalv\u0173 ir gra\u017eiai apdailinta g\u0117le vazono centre.\u0160ios keramikin\u0117s vazos gaminamos naudojant meistri\u0161k\u0105, tradicin\u012f metod\u0105, tod\u0117l gali \u0161iek tiek skirtis spalva ir dydis. N\u0117ra dviej\u0173 vienod\u0173 vaz\u0173.<\/li>\n<li>Detal\u0117s: med\u017eiaga &#8211; keramika.<\/li>\n<li>Spalva &#8211; m\u0117lyna.<br \/>\n<table width=\"405\">\n<tbody>\n<tr>\n<td width=\"91\">I\u0161matavimai: Ilgis 15,5 cm \/ Plotis 14 cm \/ Auk\u0161tis 18 cm.<\/td>\n<\/tr>\n<\/tbody>\n<\/table>\n<p>&nbsp;<\/li>\n<\/ul>\n<p>&nbsp;<\/p>\n","protected":false},"excerpt":{"rendered":"<p>Vaza \u201eLarissa\u201c i\u0161 Villa Pottery prek\u0117s \u017eenklo kolekcijos \u2013 tai linija, kuri\u0105 geriausiai galima apib\u016bdinti kaip linksm\u0105, gaivi\u0105 ir \u0161iek tiek kitoki\u0105. Pasi\u017eymi linksma i\u0161vaizda, daugybe \u0161vie\u017ei\u0173 spalv\u0173 ir gra\u017eiai apdailinta g\u0117le vazono centre.\u0160ios keramikin\u0117s vazos gaminamos naudojant meistri\u0161k\u0105, tradicin\u012f metod\u0105, tod\u0117l gali \u0161iek tiek skirtis spalva ir dydis. N\u0117ra dviej\u0173 vienod\u0173 vaz\u0173. Detal\u0117s: med\u017eiaga &hellip; <br \/><a href=\"https:\/\/duckdeco.lt\/lt\/product\/vaza-larissa-i\/\" class=\"more-link\">Continue reading <span class=\"screen-reader-text\">Vaza Larissa I<\/span><\/a><\/p>\n","protected":false},"featured_media":15617,"template":"","meta":{"_monsterinsights_skip_tracking":false,"_monsterinsights_sitenote_active":false,"_monsterinsights_sitenote_note":"","_monsterinsights_sitenote_category":0},"product_brand":[],"product_cat":[103,101],"product_tag":[],"class_list":{"0":"post-15616","1":"product","2":"type-product","3":"status-publish","4":"has-post-thumbnail","6":"product_cat-dovanu-idejos","7":"product_cat-vazos","9":"first","10":"instock","11":"taxable","12":"shipping-taxable","13":"purchasable","14":"product-type-simple"},"_links":{"self":[{"href":"https:\/\/duckdeco.lt\/lt\/wp-json\/wp\/v2\/product\/15616","targetHints":{"allow":["GET"]}}],"collection":[{"href":"https:\/\/duckdeco.lt\/lt\/wp-json\/wp\/v2\/product"}],"about":[{"href":"https:\/\/duckdeco.lt\/lt\/wp-json\/wp\/v2\/types\/product"}],"version-history":[{"count":4,"href":"https:\/\/duckdeco.lt\/lt\/wp-json\/wp\/v2\/product\/15616\/revisions"}],"predecessor-version":[{"id":15624,"href":"https:\/\/duckdeco.lt\/lt\/wp-json\/wp\/v2\/product\/15616\/revisions\/15624"}],"wp:featuredmedia":[{"embeddable":true,"href":"https:\/\/duckdeco.lt\/lt\/wp-json\/wp\/v2\/media\/15617"}],"wp:attachment":[{"href":"https:\/\/duckdeco.lt\/lt\/wp-json\/wp\/v2\/media?parent=15616"}],"wp:term":[{"taxonomy":"product_brand","embeddable":true,"href":"https:\/\/duckdeco.lt\/lt\/wp-json\/wp\/v2\/product_brand?post=15616"},{"taxonomy":"product_cat","embeddable":true,"href":"https:\/\/duckdeco.lt\/lt\/wp-json\/wp\/v2\/product_cat?post=15616"},{"taxonomy":"product_tag","embeddable":true,"href":"https:\/\/duckdeco.lt\/lt\/wp-json\/wp\/v2\/product_tag?post=15616"}],"curies":[{"name":"wp","href":"https:\/\/api.w.org\/{rel}","templated":true}]}}