{"id":15633,"date":"2025-12-01T13:46:49","date_gmt":"2025-12-01T11:46:49","guid":{"rendered":"https:\/\/duckdeco.lt\/?post_type=product&#038;p=15633"},"modified":"2025-12-01T13:46:49","modified_gmt":"2025-12-01T11:46:49","slug":"vaza-tulipe","status":"publish","type":"product","link":"https:\/\/duckdeco.lt\/lt\/product\/vaza-tulipe\/","title":{"rendered":"Vaza Tulipe"},"content":{"rendered":"<ul>\n<li><span class=\"HwtZe\" lang=\"lt\"><span class=\"jCAhz ChMk0b\"><span class=\"ryNqvb\">\u0160i \u012fsp\u016bdinga keramin\u0117 vaza \u2013 tikras meno k\u016brinys j\u016bs\u0173 namams.<\/span><\/span> <span class=\"jCAhz ChMk0b\"><span class=\"ryNqvb\">Su savo organi\u0161ku, sferiniu pagrindu ir daugybe siaur\u0173 ang\u0173 \u0161is k\u016brinys derina funkcionalum\u0105 su skulpt\u016bri\u0161ka i\u0161vaizda.<\/span><\/span><\/span><\/li>\n<li><span class=\"HwtZe\" lang=\"lt\"><span class=\"jCAhz ChMk0b\"><span class=\"ryNqvb\">Pavir\u0161ius apdirbtas unikalia glaz\u016bravimo technika, kuri sukuria tamsi\u0173 ir \u0161viesi\u0173 ton\u0173 reljef\u0105, tarsi \u017ei\u016br\u0117tum\u0117te \u012f nat\u016bral\u0173 uolien\u0105 ar koral\u0105.<\/span><\/span> <span class=\"jCAhz ChMk0b\"><span class=\"ryNqvb\">Tai suteikia vazai \u012fdomi\u0105 tekst\u016br\u0105 ir unikal\u0173 charakter\u012f.<\/span><\/span><\/span><\/li>\n<\/ul>\n<table width=\"428\">\n<tbody>\n<tr>\n<td width=\"91\">I\u0161matavimai: Ilgis 30,2 cm \/ Plotis 10 cm \/ Auk\u0161tis 15,5 cm.<\/td>\n<\/tr>\n<\/tbody>\n<\/table>\n<p>&nbsp;<\/p>\n<p>&nbsp;<\/p>\n","protected":false},"excerpt":{"rendered":"<p>\u0160i \u012fsp\u016bdinga keramin\u0117 vaza \u2013 tikras meno k\u016brinys j\u016bs\u0173 namams. Su savo organi\u0161ku, sferiniu pagrindu ir daugybe siaur\u0173 ang\u0173 \u0161is k\u016brinys derina funkcionalum\u0105 su skulpt\u016bri\u0161ka i\u0161vaizda. Pavir\u0161ius apdirbtas unikalia glaz\u016bravimo technika, kuri sukuria tamsi\u0173 ir \u0161viesi\u0173 ton\u0173 reljef\u0105, tarsi \u017ei\u016br\u0117tum\u0117te \u012f nat\u016bral\u0173 uolien\u0105 ar koral\u0105. Tai suteikia vazai \u012fdomi\u0105 tekst\u016br\u0105 ir unikal\u0173 charakter\u012f. I\u0161matavimai: Ilgis &hellip; <br \/><a href=\"https:\/\/duckdeco.lt\/lt\/product\/vaza-tulipe\/\" class=\"more-link\">Continue reading <span class=\"screen-reader-text\">Vaza Tulipe<\/span><\/a><\/p>\n","protected":false},"featured_media":15634,"template":"","meta":{"_monsterinsights_skip_tracking":false,"_monsterinsights_sitenote_active":false,"_monsterinsights_sitenote_note":"","_monsterinsights_sitenote_category":0},"product_brand":[],"product_cat":[103,101],"product_tag":[],"class_list":{"0":"post-15633","1":"product","2":"type-product","3":"status-publish","4":"has-post-thumbnail","6":"product_cat-dovanu-idejos","7":"product_cat-vazos","9":"first","10":"instock","11":"taxable","12":"shipping-taxable","13":"purchasable","14":"product-type-simple"},"_links":{"self":[{"href":"https:\/\/duckdeco.lt\/lt\/wp-json\/wp\/v2\/product\/15633","targetHints":{"allow":["GET"]}}],"collection":[{"href":"https:\/\/duckdeco.lt\/lt\/wp-json\/wp\/v2\/product"}],"about":[{"href":"https:\/\/duckdeco.lt\/lt\/wp-json\/wp\/v2\/types\/product"}],"version-history":[{"count":1,"href":"https:\/\/duckdeco.lt\/lt\/wp-json\/wp\/v2\/product\/15633\/revisions"}],"predecessor-version":[{"id":15635,"href":"https:\/\/duckdeco.lt\/lt\/wp-json\/wp\/v2\/product\/15633\/revisions\/15635"}],"wp:featuredmedia":[{"embeddable":true,"href":"https:\/\/duckdeco.lt\/lt\/wp-json\/wp\/v2\/media\/15634"}],"wp:attachment":[{"href":"https:\/\/duckdeco.lt\/lt\/wp-json\/wp\/v2\/media?parent=15633"}],"wp:term":[{"taxonomy":"product_brand","embeddable":true,"href":"https:\/\/duckdeco.lt\/lt\/wp-json\/wp\/v2\/product_brand?post=15633"},{"taxonomy":"product_cat","embeddable":true,"href":"https:\/\/duckdeco.lt\/lt\/wp-json\/wp\/v2\/product_cat?post=15633"},{"taxonomy":"product_tag","embeddable":true,"href":"https:\/\/duckdeco.lt\/lt\/wp-json\/wp\/v2\/product_tag?post=15633"}],"curies":[{"name":"wp","href":"https:\/\/api.w.org\/{rel}","templated":true}]}}