{"id":15636,"date":"2025-12-01T14:26:49","date_gmt":"2025-12-01T12:26:49","guid":{"rendered":"https:\/\/duckdeco.lt\/?post_type=product&#038;p=15636"},"modified":"2025-12-01T14:26:49","modified_gmt":"2025-12-01T12:26:49","slug":"laikrodis-zadintuvas","status":"publish","type":"product","link":"https:\/\/duckdeco.lt\/lt\/product\/laikrodis-zadintuvas\/","title":{"rendered":"Laikrodis &#8211; \u017eadintuvas"},"content":{"rendered":"<ul>\n<li><span class=\"HwtZe\" lang=\"lt\"><span class=\"jCAhz ChMk0b\"><span class=\"ryNqvb\">Prek\u0117s \u017eenklas \u201eKarlsson\u201c yra laikrod\u017ei\u0173 karalius. <\/span><\/span><span class=\"jCAhz ChMk0b\"><span class=\"ryNqvb\">Visi \u201eKarlsson\u201c laikrod\u017eiai pasi\u017eymi tekan\u010diomis, esteti\u0161komis formomis ir madingu dizainu.<\/span><\/span><\/span><span class=\"HwtZe\" lang=\"lt\"><span class=\"jCAhz ChMk0b\"><span class=\"ryNqvb\">Prek\u0117s \u017eenklas simbolizuoja auk\u0161t\u0105 kokyb\u0119 kartu su gra\u017eiais grafiniais elementais.<\/span><\/span><\/span><\/li>\n<li>Detal\u0117s: med\u017eiaga &#8211; termoplastikas.<\/li>\n<li>Spalva &#8211; \u017ealia.<\/li>\n<\/ul>\n<table width=\"428\">\n<tbody>\n<tr>\n<td width=\"91\">I\u0161matavimai: Ilgis 12 cm \/ Plotis 6 cm \/ Auk\u0161tis 20 cm.<\/td>\n<\/tr>\n<\/tbody>\n<\/table>\n","protected":false},"excerpt":{"rendered":"<p>Prek\u0117s \u017eenklas \u201eKarlsson\u201c yra laikrod\u017ei\u0173 karalius. Visi \u201eKarlsson\u201c laikrod\u017eiai pasi\u017eymi tekan\u010diomis, esteti\u0161komis formomis ir madingu dizainu.Prek\u0117s \u017eenklas simbolizuoja auk\u0161t\u0105 kokyb\u0119 kartu su gra\u017eiais grafiniais elementais. Detal\u0117s: med\u017eiaga &#8211; termoplastikas. Spalva &#8211; \u017ealia. I\u0161matavimai: Ilgis 12 cm \/ Plotis 6 cm \/ Auk\u0161tis 20 cm.<\/p>\n","protected":false},"featured_media":15637,"template":"","meta":{"_monsterinsights_skip_tracking":false,"_monsterinsights_sitenote_active":false,"_monsterinsights_sitenote_note":"","_monsterinsights_sitenote_category":0},"product_brand":[],"product_cat":[103],"product_tag":[],"class_list":{"0":"post-15636","1":"product","2":"type-product","3":"status-publish","4":"has-post-thumbnail","6":"product_cat-dovanu-idejos","8":"first","9":"instock","10":"taxable","11":"shipping-taxable","12":"purchasable","13":"product-type-simple"},"_links":{"self":[{"href":"https:\/\/duckdeco.lt\/lt\/wp-json\/wp\/v2\/product\/15636","targetHints":{"allow":["GET"]}}],"collection":[{"href":"https:\/\/duckdeco.lt\/lt\/wp-json\/wp\/v2\/product"}],"about":[{"href":"https:\/\/duckdeco.lt\/lt\/wp-json\/wp\/v2\/types\/product"}],"version-history":[{"count":1,"href":"https:\/\/duckdeco.lt\/lt\/wp-json\/wp\/v2\/product\/15636\/revisions"}],"predecessor-version":[{"id":15639,"href":"https:\/\/duckdeco.lt\/lt\/wp-json\/wp\/v2\/product\/15636\/revisions\/15639"}],"wp:featuredmedia":[{"embeddable":true,"href":"https:\/\/duckdeco.lt\/lt\/wp-json\/wp\/v2\/media\/15637"}],"wp:attachment":[{"href":"https:\/\/duckdeco.lt\/lt\/wp-json\/wp\/v2\/media?parent=15636"}],"wp:term":[{"taxonomy":"product_brand","embeddable":true,"href":"https:\/\/duckdeco.lt\/lt\/wp-json\/wp\/v2\/product_brand?post=15636"},{"taxonomy":"product_cat","embeddable":true,"href":"https:\/\/duckdeco.lt\/lt\/wp-json\/wp\/v2\/product_cat?post=15636"},{"taxonomy":"product_tag","embeddable":true,"href":"https:\/\/duckdeco.lt\/lt\/wp-json\/wp\/v2\/product_tag?post=15636"}],"curies":[{"name":"wp","href":"https:\/\/api.w.org\/{rel}","templated":true}]}}