{"id":15698,"date":"2025-12-08T11:24:45","date_gmt":"2025-12-08T09:24:45","guid":{"rendered":"https:\/\/duckdeco.lt\/?post_type=product&#038;p=15698"},"modified":"2025-12-08T12:03:53","modified_gmt":"2025-12-08T10:03:53","slug":"vaza-aila","status":"publish","type":"product","link":"https:\/\/duckdeco.lt\/lt\/product\/vaza-aila\/","title":{"rendered":"Vaza Aila"},"content":{"rendered":"<ul>\n<li><span class=\"HwtZe\" lang=\"lt\"><span class=\"jCAhz ChMk0b\"><span class=\"ryNqvb\">Rank\u0173 darbo p\u016bsto stiklo vaza i\u0161 \u201eEichholtz\u201c prek\u0117s \u017eenklo kolekcijos, puo\u0161ta arkos formos dekoracijomis puikiai tiks kavos staliukui, konsolei ar tu\u0161\u010diai lentynai J\u016bs\u0173 namuose. D\u0117l savo \u012fdomaus silueto ir ry\u0161kios spalvos \u0161i meni\u0161ka vaza akimirksniu pagyvins erdv\u0119<\/span><\/span><\/span><\/li>\n<li>Detal\u0117s: med\u017eiaga &#8211; stiklas.<\/li>\n<li>Spalva &#8211; turkio.<\/li>\n<\/ul>\n<table width=\"405\">\n<tbody>\n<tr>\n<td width=\"91\">I\u0161matavimai: Skersmuo 20 cm \/ Auk\u0161tis 31 cm.<\/td>\n<\/tr>\n<\/tbody>\n<\/table>\n<p>&nbsp;<\/p>\n","protected":false},"excerpt":{"rendered":"<p>Rank\u0173 darbo p\u016bsto stiklo vaza i\u0161 \u201eEichholtz\u201c prek\u0117s \u017eenklo kolekcijos, puo\u0161ta arkos formos dekoracijomis puikiai tiks kavos staliukui, konsolei ar tu\u0161\u010diai lentynai J\u016bs\u0173 namuose. D\u0117l savo \u012fdomaus silueto ir ry\u0161kios spalvos \u0161i meni\u0161ka vaza akimirksniu pagyvins erdv\u0119 Detal\u0117s: med\u017eiaga &#8211; stiklas. Spalva &#8211; turkio. I\u0161matavimai: Skersmuo 20 cm \/ Auk\u0161tis 31 cm. &nbsp;<\/p>\n","protected":false},"featured_media":15699,"template":"","meta":{"_monsterinsights_skip_tracking":false,"_monsterinsights_sitenote_active":false,"_monsterinsights_sitenote_note":"","_monsterinsights_sitenote_category":0},"product_brand":[],"product_cat":[103,101],"product_tag":[],"class_list":{"0":"post-15698","1":"product","2":"type-product","3":"status-publish","4":"has-post-thumbnail","6":"product_cat-dovanu-idejos","7":"product_cat-vazos","9":"first","10":"instock","11":"taxable","12":"shipping-taxable","13":"purchasable","14":"product-type-simple"},"_links":{"self":[{"href":"https:\/\/duckdeco.lt\/lt\/wp-json\/wp\/v2\/product\/15698","targetHints":{"allow":["GET"]}}],"collection":[{"href":"https:\/\/duckdeco.lt\/lt\/wp-json\/wp\/v2\/product"}],"about":[{"href":"https:\/\/duckdeco.lt\/lt\/wp-json\/wp\/v2\/types\/product"}],"version-history":[{"count":1,"href":"https:\/\/duckdeco.lt\/lt\/wp-json\/wp\/v2\/product\/15698\/revisions"}],"predecessor-version":[{"id":15700,"href":"https:\/\/duckdeco.lt\/lt\/wp-json\/wp\/v2\/product\/15698\/revisions\/15700"}],"wp:featuredmedia":[{"embeddable":true,"href":"https:\/\/duckdeco.lt\/lt\/wp-json\/wp\/v2\/media\/15699"}],"wp:attachment":[{"href":"https:\/\/duckdeco.lt\/lt\/wp-json\/wp\/v2\/media?parent=15698"}],"wp:term":[{"taxonomy":"product_brand","embeddable":true,"href":"https:\/\/duckdeco.lt\/lt\/wp-json\/wp\/v2\/product_brand?post=15698"},{"taxonomy":"product_cat","embeddable":true,"href":"https:\/\/duckdeco.lt\/lt\/wp-json\/wp\/v2\/product_cat?post=15698"},{"taxonomy":"product_tag","embeddable":true,"href":"https:\/\/duckdeco.lt\/lt\/wp-json\/wp\/v2\/product_tag?post=15698"}],"curies":[{"name":"wp","href":"https:\/\/api.w.org\/{rel}","templated":true}]}}