{"id":15701,"date":"2025-12-08T11:41:27","date_gmt":"2025-12-08T09:41:27","guid":{"rendered":"https:\/\/duckdeco.lt\/?post_type=product&#038;p=15701"},"modified":"2025-12-08T11:42:22","modified_gmt":"2025-12-08T09:42:22","slug":"vaza-chave-purple","status":"publish","type":"product","link":"https:\/\/duckdeco.lt\/lt\/product\/vaza-chave-purple\/","title":{"rendered":"Vaza Chave Purple"},"content":{"rendered":"<ul>\n<li>Vaza Chave i\u0161 Eichholtz prek\u0117s \u017eenklo kolekcijos, kuri pasi\u017eymi prabangiais, patvariais gaminiais, unikaliomis konstrukcijomis.<\/li>\n<li>Pabr\u0117\u017ekite skint\u0173 g\u0117li\u0173 ar saus\u0173 kompozicij\u0173 gro\u017e\u012f su \u0161ia kri\u0161toline a\u0161tuonkampio formos vaza. Tai puiki dovanos id\u0117ja, bei originalus interjero elementas.<\/li>\n<li>Detal\u0117s: med\u017eiaga \u2013 kri\u0161tolas.<\/li>\n<li>Spalva \u2013 violetin\u0117.<br \/>\n<table width=\"405\">\n<tbody>\n<tr>\n<td width=\"91\">I\u0161matavimai: Skersmuo 11 cm \/ Auk\u0161tis 15 cm.<\/td>\n<\/tr>\n<\/tbody>\n<\/table>\n<p>&nbsp;<\/p>\n<p>&nbsp;<\/li>\n<\/ul>\n","protected":false},"excerpt":{"rendered":"<p>Vaza Chave i\u0161 Eichholtz prek\u0117s \u017eenklo kolekcijos, kuri pasi\u017eymi prabangiais, patvariais gaminiais, unikaliomis konstrukcijomis. Pabr\u0117\u017ekite skint\u0173 g\u0117li\u0173 ar saus\u0173 kompozicij\u0173 gro\u017e\u012f su \u0161ia kri\u0161toline a\u0161tuonkampio formos vaza. Tai puiki dovanos id\u0117ja, bei originalus interjero elementas. Detal\u0117s: med\u017eiaga \u2013 kri\u0161tolas. Spalva \u2013 violetin\u0117. I\u0161matavimai: Skersmuo 11 cm \/ Auk\u0161tis 15 cm. &nbsp; &nbsp;<\/p>\n","protected":false},"featured_media":15703,"template":"","meta":{"_monsterinsights_skip_tracking":false,"_monsterinsights_sitenote_active":false,"_monsterinsights_sitenote_note":"","_monsterinsights_sitenote_category":0},"product_brand":[],"product_cat":[103,101],"product_tag":[],"class_list":{"0":"post-15701","1":"product","2":"type-product","3":"status-publish","4":"has-post-thumbnail","6":"product_cat-dovanu-idejos","7":"product_cat-vazos","9":"first","10":"instock","11":"taxable","12":"shipping-taxable","13":"purchasable","14":"product-type-simple"},"_links":{"self":[{"href":"https:\/\/duckdeco.lt\/lt\/wp-json\/wp\/v2\/product\/15701","targetHints":{"allow":["GET"]}}],"collection":[{"href":"https:\/\/duckdeco.lt\/lt\/wp-json\/wp\/v2\/product"}],"about":[{"href":"https:\/\/duckdeco.lt\/lt\/wp-json\/wp\/v2\/types\/product"}],"version-history":[{"count":2,"href":"https:\/\/duckdeco.lt\/lt\/wp-json\/wp\/v2\/product\/15701\/revisions"}],"predecessor-version":[{"id":15705,"href":"https:\/\/duckdeco.lt\/lt\/wp-json\/wp\/v2\/product\/15701\/revisions\/15705"}],"wp:featuredmedia":[{"embeddable":true,"href":"https:\/\/duckdeco.lt\/lt\/wp-json\/wp\/v2\/media\/15703"}],"wp:attachment":[{"href":"https:\/\/duckdeco.lt\/lt\/wp-json\/wp\/v2\/media?parent=15701"}],"wp:term":[{"taxonomy":"product_brand","embeddable":true,"href":"https:\/\/duckdeco.lt\/lt\/wp-json\/wp\/v2\/product_brand?post=15701"},{"taxonomy":"product_cat","embeddable":true,"href":"https:\/\/duckdeco.lt\/lt\/wp-json\/wp\/v2\/product_cat?post=15701"},{"taxonomy":"product_tag","embeddable":true,"href":"https:\/\/duckdeco.lt\/lt\/wp-json\/wp\/v2\/product_tag?post=15701"}],"curies":[{"name":"wp","href":"https:\/\/api.w.org\/{rel}","templated":true}]}}