{"id":15739,"date":"2026-02-25T12:16:19","date_gmt":"2026-02-25T10:16:19","guid":{"rendered":"https:\/\/duckdeco.lt\/?post_type=product&#038;p=15739"},"modified":"2026-02-25T12:16:19","modified_gmt":"2026-02-25T10:16:19","slug":"vaza-nobi-m","status":"publish","type":"product","link":"https:\/\/duckdeco.lt\/lt\/product\/vaza-nobi-m\/","title":{"rendered":"Vaza Nobi M"},"content":{"rendered":"<ul>\n<li><span class=\"HwtZe\" lang=\"lt\"><span class=\"HwtZe\" lang=\"lt\"><span class=\"jCAhz ChMk0b\"><span class=\"ryNqvb\">Fajansin\u0117 vaza \u201eNobi M\u201c yra apvalios, daugiasluoksn\u0117s formos, kuri sukuria \u017eaisming\u0105 ir \u0161veln\u0173 siluet\u0105.<\/span><\/span> Subtili, ta\u010diau charakteringa tekst\u016bra, kiekvienam interjerui suteiks i\u0161skirtinumo poj\u016bt\u012f. Tai <span class=\"jCAhz ChMk0b\"><span class=\"ryNqvb\">dekoratyvinis elementas kuris papildys kiekvien\u0105 erdv\u0119. <\/span><\/span><\/span><\/span><\/li>\n<li><span class=\"HwtZe\" lang=\"lt\"><span class=\"HwtZe\" lang=\"lt\"><span class=\"jCAhz ChMk0b\"><span class=\"ryNqvb\">Detal\u0117s: keramika. <\/span><\/span><\/span><\/span><\/li>\n<li><span class=\"HwtZe\" lang=\"lt\"><span class=\"HwtZe\" lang=\"lt\"><span class=\"jCAhz ChMk0b\"><span class=\"ryNqvb\">Spalva &#8211; balta.\u00a0<\/span><\/span><\/span><\/span><br \/>\n<table width=\"457\">\n<tbody>\n<tr>\n<td width=\"91\">I\u0161matavimai: Skersmuo 18,5 cm\/ Auk\u0161tis 24,5\u00a0 cm.<\/td>\n<\/tr>\n<\/tbody>\n<\/table>\n<p>&nbsp;<\/li>\n<\/ul>\n","protected":false},"excerpt":{"rendered":"<p>Fajansin\u0117 vaza \u201eNobi M\u201c yra apvalios, daugiasluoksn\u0117s formos, kuri sukuria \u017eaisming\u0105 ir \u0161veln\u0173 siluet\u0105. Subtili, ta\u010diau charakteringa tekst\u016bra, kiekvienam interjerui suteiks i\u0161skirtinumo poj\u016bt\u012f. Tai dekoratyvinis elementas kuris papildys kiekvien\u0105 erdv\u0119. Detal\u0117s: keramika. Spalva &#8211; balta.\u00a0 I\u0161matavimai: Skersmuo 18,5 cm\/ Auk\u0161tis 24,5\u00a0 cm. &nbsp;<\/p>\n","protected":false},"featured_media":15740,"template":"","meta":{"_monsterinsights_skip_tracking":false,"_monsterinsights_sitenote_active":false,"_monsterinsights_sitenote_note":"","_monsterinsights_sitenote_category":0},"product_brand":[],"product_cat":[101],"product_tag":[537],"class_list":{"0":"post-15739","1":"product","2":"type-product","3":"status-publish","4":"has-post-thumbnail","6":"product_cat-vazos","7":"product_tag-fajansine-vaza","9":"first","10":"instock","11":"taxable","12":"shipping-taxable","13":"purchasable","14":"product-type-simple"},"_links":{"self":[{"href":"https:\/\/duckdeco.lt\/lt\/wp-json\/wp\/v2\/product\/15739","targetHints":{"allow":["GET"]}}],"collection":[{"href":"https:\/\/duckdeco.lt\/lt\/wp-json\/wp\/v2\/product"}],"about":[{"href":"https:\/\/duckdeco.lt\/lt\/wp-json\/wp\/v2\/types\/product"}],"version-history":[{"count":1,"href":"https:\/\/duckdeco.lt\/lt\/wp-json\/wp\/v2\/product\/15739\/revisions"}],"predecessor-version":[{"id":15742,"href":"https:\/\/duckdeco.lt\/lt\/wp-json\/wp\/v2\/product\/15739\/revisions\/15742"}],"wp:featuredmedia":[{"embeddable":true,"href":"https:\/\/duckdeco.lt\/lt\/wp-json\/wp\/v2\/media\/15740"}],"wp:attachment":[{"href":"https:\/\/duckdeco.lt\/lt\/wp-json\/wp\/v2\/media?parent=15739"}],"wp:term":[{"taxonomy":"product_brand","embeddable":true,"href":"https:\/\/duckdeco.lt\/lt\/wp-json\/wp\/v2\/product_brand?post=15739"},{"taxonomy":"product_cat","embeddable":true,"href":"https:\/\/duckdeco.lt\/lt\/wp-json\/wp\/v2\/product_cat?post=15739"},{"taxonomy":"product_tag","embeddable":true,"href":"https:\/\/duckdeco.lt\/lt\/wp-json\/wp\/v2\/product_tag?post=15739"}],"curies":[{"name":"wp","href":"https:\/\/api.w.org\/{rel}","templated":true}]}}