{"id":15743,"date":"2026-02-25T13:31:03","date_gmt":"2026-02-25T11:31:03","guid":{"rendered":"https:\/\/duckdeco.lt\/?post_type=product&#038;p=15743"},"modified":"2026-02-25T13:31:03","modified_gmt":"2026-02-25T11:31:03","slug":"zvakide-namelis","status":"publish","type":"product","link":"https:\/\/duckdeco.lt\/lt\/product\/zvakide-namelis\/","title":{"rendered":"\u017dvakid\u0117 &#8211; namelis"},"content":{"rendered":"<ul>\n<li><span class=\"HwtZe\" lang=\"lt\"><span class=\"HwtZe\" lang=\"lt\"><span class=\"jCAhz ChMk0b\"><span class=\"ryNqvb\">Suteikite savo interjerui \u017eavesio ir \u0161ilumos su gra\u017eia namelio formos \u017evakide.\u00a0<\/span><\/span><span class=\"jCAhz ChMk0b\"><span class=\"ryNqvb\">\u0160is unikalus nam\u0173 dekoro elementas puikiai tinka sukurti jauki\u0105 atmosfer\u0105.<\/span><\/span>\u00a0<span class=\"jCAhz ChMk0b\"><span class=\"ryNqvb\">\u012ed\u0117kite \u017evak\u0119 \u012f laikikl\u012f ir leiskite \u0161iltai \u0161viesai sklisti pro \u017eavingus ma\u017eus langelius, sukurdami \u0161ilt\u0105 ir jauk\u0173 efekt\u0105.<\/span><\/span><span class=\"jCAhz ChMk0b\"><span class=\"ryNqvb\">\u00a0<\/span><\/span><span class=\"jCAhz ChMk0b\"><span class=\"ryNqvb\">Derindami arbatin\u0117s \u017evakid\u0117s laikikl\u012f su kitais m\u0117lynos spalvos dekoro elementais, galite sukurti darn\u0173 ir harmoning\u0105 vaizd\u0105 savo interjere. <\/span><\/span><\/span><\/span><\/li>\n<li><span class=\"HwtZe\" lang=\"lt\"><span class=\"HwtZe\" lang=\"lt\"><span class=\"jCAhz ChMk0b\"><span class=\"ryNqvb\">Detal\u0117s: keramika. <\/span><\/span><\/span><\/span><\/li>\n<li><span class=\"HwtZe\" lang=\"lt\"><span class=\"HwtZe\" lang=\"lt\"><span class=\"jCAhz ChMk0b\"><span class=\"ryNqvb\">Spalva &#8211; m\u0117lyna.\u00a0<\/span><\/span><\/span><\/span><\/li>\n<\/ul>\n<table width=\"457\">\n<tbody>\n<tr>\n<td width=\"91\">I\u0161matavimai: Ilgis 8 cm \/ Plotis 7 cm \/ Auk\u0161tis 15 cm.<\/td>\n<\/tr>\n<\/tbody>\n<\/table>\n<p>&nbsp;<\/p>\n<div class=\"OvtS8d\"><\/div>\n<div class=\"NQSJo\"><\/div>\n<div class=\"UdTY9 WdefRb\" aria-hidden=\"true\" data-location=\"2\">\n<div class=\"kO6q6e\"><\/div>\n<\/div>\n","protected":false},"excerpt":{"rendered":"<p>Suteikite savo interjerui \u017eavesio ir \u0161ilumos su gra\u017eia namelio formos \u017evakide.\u00a0\u0160is unikalus nam\u0173 dekoro elementas puikiai tinka sukurti jauki\u0105 atmosfer\u0105.\u00a0\u012ed\u0117kite \u017evak\u0119 \u012f laikikl\u012f ir leiskite \u0161iltai \u0161viesai sklisti pro \u017eavingus ma\u017eus langelius, sukurdami \u0161ilt\u0105 ir jauk\u0173 efekt\u0105.\u00a0Derindami arbatin\u0117s \u017evakid\u0117s laikikl\u012f su kitais m\u0117lynos spalvos dekoro elementais, galite sukurti darn\u0173 ir harmoning\u0105 vaizd\u0105 savo interjere. Detal\u0117s: &hellip; <br \/><a href=\"https:\/\/duckdeco.lt\/lt\/product\/zvakide-namelis\/\" class=\"more-link\">Continue reading <span class=\"screen-reader-text\">\u017dvakid\u0117 &#8211; namelis<\/span><\/a><\/p>\n","protected":false},"featured_media":15744,"template":"","meta":{"_monsterinsights_skip_tracking":false,"_monsterinsights_sitenote_active":false,"_monsterinsights_sitenote_note":"","_monsterinsights_sitenote_category":0},"product_brand":[],"product_cat":[107],"product_tag":[222],"class_list":{"0":"post-15743","1":"product","2":"type-product","3":"status-publish","4":"has-post-thumbnail","6":"product_cat-stilingos-zvakides-zvakes","7":"product_tag-keramikine-zvakide","9":"first","10":"instock","11":"taxable","12":"shipping-taxable","13":"purchasable","14":"product-type-simple"},"_links":{"self":[{"href":"https:\/\/duckdeco.lt\/lt\/wp-json\/wp\/v2\/product\/15743","targetHints":{"allow":["GET"]}}],"collection":[{"href":"https:\/\/duckdeco.lt\/lt\/wp-json\/wp\/v2\/product"}],"about":[{"href":"https:\/\/duckdeco.lt\/lt\/wp-json\/wp\/v2\/types\/product"}],"version-history":[{"count":1,"href":"https:\/\/duckdeco.lt\/lt\/wp-json\/wp\/v2\/product\/15743\/revisions"}],"predecessor-version":[{"id":15747,"href":"https:\/\/duckdeco.lt\/lt\/wp-json\/wp\/v2\/product\/15743\/revisions\/15747"}],"wp:featuredmedia":[{"embeddable":true,"href":"https:\/\/duckdeco.lt\/lt\/wp-json\/wp\/v2\/media\/15744"}],"wp:attachment":[{"href":"https:\/\/duckdeco.lt\/lt\/wp-json\/wp\/v2\/media?parent=15743"}],"wp:term":[{"taxonomy":"product_brand","embeddable":true,"href":"https:\/\/duckdeco.lt\/lt\/wp-json\/wp\/v2\/product_brand?post=15743"},{"taxonomy":"product_cat","embeddable":true,"href":"https:\/\/duckdeco.lt\/lt\/wp-json\/wp\/v2\/product_cat?post=15743"},{"taxonomy":"product_tag","embeddable":true,"href":"https:\/\/duckdeco.lt\/lt\/wp-json\/wp\/v2\/product_tag?post=15743"}],"curies":[{"name":"wp","href":"https:\/\/api.w.org\/{rel}","templated":true}]}}