{"id":15748,"date":"2026-02-25T14:11:25","date_gmt":"2026-02-25T12:11:25","guid":{"rendered":"https:\/\/duckdeco.lt\/?post_type=product&#038;p=15748"},"modified":"2026-03-12T09:25:44","modified_gmt":"2026-03-12T07:25:44","slug":"statulele-zuikis-su-laikrodziu","status":"publish","type":"product","link":"https:\/\/duckdeco.lt\/lt\/product\/statulele-zuikis-su-laikrodziu\/","title":{"rendered":"Statul\u0117l\u0117 zuikis su laikrod\u017eiu"},"content":{"rendered":"<ul>\n<li><span class=\"HwtZe\" lang=\"lt\"><span class=\"jCAhz ChMk0b\"><span class=\"ryNqvb\">Prek\u0117s \u017eenklo Clayre &amp; Eef triu\u0161is su laikrod\u017eiu yra stilingas aksesuaras, kuris papuo\u0161 bet koki\u0105 gyvenam\u0105j\u0105 erdv\u0119.Stilingas sm\u0117lio ir raudonos spalv\u0173 derinys sukuria \u0161ilt\u0105, jauki\u0105 atmosfer\u0105. <\/span><\/span><\/span><\/li>\n<li><span class=\"HwtZe\" lang=\"lt\"><span class=\"jCAhz ChMk0b\"><span class=\"ryNqvb\">Realisti\u0161kas triu\u0161io atvaizdas sujungia \u017eaves\u012f su funkcionalumu, d\u0117l eleganti\u0161kos formos ir patrauklaus dizaino tai idealus bet kokio interjero akcentas. Pagamintas i\u0161 auk\u0161tos kokyb\u0117s polirezino, gaminys yra labai patvarus ir lengvai valomas.<\/span><\/span><\/span><\/li>\n<li>Detal\u0117s: polirezinas.<\/li>\n<li>Spalva &#8211; \u012fvairiaspalvis.<\/li>\n<\/ul>\n<table width=\"457\">\n<tbody>\n<tr>\n<td width=\"91\">I\u0161matavimai: Ilgis 15 cm \/ Plotis 12 cm \/ Auk\u0161tis 28 cm.<\/td>\n<\/tr>\n<\/tbody>\n<\/table>\n<p>&nbsp;<\/p>\n<p>&nbsp;<\/p>\n<p>&nbsp;<\/p>\n","protected":false},"excerpt":{"rendered":"<p>Prek\u0117s \u017eenklo Clayre &amp; Eef triu\u0161is su laikrod\u017eiu yra stilingas aksesuaras, kuris papuo\u0161 bet koki\u0105 gyvenam\u0105j\u0105 erdv\u0119.Stilingas sm\u0117lio ir raudonos spalv\u0173 derinys sukuria \u0161ilt\u0105, jauki\u0105 atmosfer\u0105. Realisti\u0161kas triu\u0161io atvaizdas sujungia \u017eaves\u012f su funkcionalumu, d\u0117l eleganti\u0161kos formos ir patrauklaus dizaino tai idealus bet kokio interjero akcentas. Pagamintas i\u0161 auk\u0161tos kokyb\u0117s polirezino, gaminys yra labai patvarus ir &hellip; <br \/><a href=\"https:\/\/duckdeco.lt\/lt\/product\/statulele-zuikis-su-laikrodziu\/\" class=\"more-link\">Continue reading <span class=\"screen-reader-text\">Statul\u0117l\u0117 zuikis su laikrod\u017eiu<\/span><\/a><\/p>\n","protected":false},"featured_media":15749,"template":"","meta":{"_monsterinsights_skip_tracking":false,"_monsterinsights_sitenote_active":false,"_monsterinsights_sitenote_note":"","_monsterinsights_sitenote_category":0},"product_brand":[],"product_cat":[95,130],"product_tag":[258],"class_list":{"0":"post-15748","1":"product","2":"type-product","3":"status-publish","4":"has-post-thumbnail","6":"product_cat-interjerui","7":"product_cat-statuleles-deco","8":"product_tag-statulele-is-polirezino","10":"first","11":"outofstock","12":"taxable","13":"shipping-taxable","14":"purchasable","15":"product-type-simple"},"_links":{"self":[{"href":"https:\/\/duckdeco.lt\/lt\/wp-json\/wp\/v2\/product\/15748","targetHints":{"allow":["GET"]}}],"collection":[{"href":"https:\/\/duckdeco.lt\/lt\/wp-json\/wp\/v2\/product"}],"about":[{"href":"https:\/\/duckdeco.lt\/lt\/wp-json\/wp\/v2\/types\/product"}],"version-history":[{"count":1,"href":"https:\/\/duckdeco.lt\/lt\/wp-json\/wp\/v2\/product\/15748\/revisions"}],"predecessor-version":[{"id":15751,"href":"https:\/\/duckdeco.lt\/lt\/wp-json\/wp\/v2\/product\/15748\/revisions\/15751"}],"wp:featuredmedia":[{"embeddable":true,"href":"https:\/\/duckdeco.lt\/lt\/wp-json\/wp\/v2\/media\/15749"}],"wp:attachment":[{"href":"https:\/\/duckdeco.lt\/lt\/wp-json\/wp\/v2\/media?parent=15748"}],"wp:term":[{"taxonomy":"product_brand","embeddable":true,"href":"https:\/\/duckdeco.lt\/lt\/wp-json\/wp\/v2\/product_brand?post=15748"},{"taxonomy":"product_cat","embeddable":true,"href":"https:\/\/duckdeco.lt\/lt\/wp-json\/wp\/v2\/product_cat?post=15748"},{"taxonomy":"product_tag","embeddable":true,"href":"https:\/\/duckdeco.lt\/lt\/wp-json\/wp\/v2\/product_tag?post=15748"}],"curies":[{"name":"wp","href":"https:\/\/api.w.org\/{rel}","templated":true}]}}