{"id":15766,"date":"2026-02-26T10:37:39","date_gmt":"2026-02-26T08:37:39","guid":{"rendered":"https:\/\/duckdeco.lt\/?post_type=product&#038;p=15766"},"modified":"2026-02-26T10:37:39","modified_gmt":"2026-02-26T08:37:39","slug":"vaza-flower-2","status":"publish","type":"product","link":"https:\/\/duckdeco.lt\/lt\/product\/vaza-flower-2\/","title":{"rendered":"Vaza Flower"},"content":{"rendered":"<ul>\n<li>Blizgi apdaila suteikia \u0161iai vazai prabangos i\u0161vaizd\u0105, o organi\u0161ka forma \u017eaismingumo. \u0160ilta sm\u0117lio spalva su subtiliais niuansais sukuria rami\u0105 ir jauki\u0105 atmosfer\u0105. Pamerkite g\u0117li\u0173 puok\u0161t\u0119 ar palikite j\u0105 tu\u0161\u010di\u0105 kaip dekoratyvin\u012f element\u0105, kuris taps ak\u012f traukian\u010diu akcentu.<\/li>\n<li>Detal\u0117s: keramika.<\/li>\n<li>Spalva &#8211; kremin\u0117.<br \/>\n<table width=\"457\">\n<tbody>\n<tr>\n<td width=\"91\">I\u0161matavimai: Skersmuo 11,5 cm\/ Auk\u0161tis 15 cm.<\/td>\n<\/tr>\n<\/tbody>\n<\/table>\n<p>&nbsp;<\/li>\n<\/ul>\n","protected":false},"excerpt":{"rendered":"<p>Blizgi apdaila suteikia \u0161iai vazai prabangos i\u0161vaizd\u0105, o organi\u0161ka forma \u017eaismingumo. \u0160ilta sm\u0117lio spalva su subtiliais niuansais sukuria rami\u0105 ir jauki\u0105 atmosfer\u0105. Pamerkite g\u0117li\u0173 puok\u0161t\u0119 ar palikite j\u0105 tu\u0161\u010di\u0105 kaip dekoratyvin\u012f element\u0105, kuris taps ak\u012f traukian\u010diu akcentu. Detal\u0117s: keramika. Spalva &#8211; kremin\u0117. I\u0161matavimai: Skersmuo 11,5 cm\/ Auk\u0161tis 15 cm. &nbsp;<\/p>\n","protected":false},"featured_media":15767,"template":"","meta":{"_monsterinsights_skip_tracking":false,"_monsterinsights_sitenote_active":false,"_monsterinsights_sitenote_note":"","_monsterinsights_sitenote_category":0},"product_brand":[],"product_cat":[101],"product_tag":[468],"class_list":{"0":"post-15766","1":"product","2":"type-product","3":"status-publish","4":"has-post-thumbnail","6":"product_cat-vazos","7":"product_tag-keramikine-vaza","9":"first","10":"instock","11":"taxable","12":"shipping-taxable","13":"purchasable","14":"product-type-simple"},"_links":{"self":[{"href":"https:\/\/duckdeco.lt\/lt\/wp-json\/wp\/v2\/product\/15766","targetHints":{"allow":["GET"]}}],"collection":[{"href":"https:\/\/duckdeco.lt\/lt\/wp-json\/wp\/v2\/product"}],"about":[{"href":"https:\/\/duckdeco.lt\/lt\/wp-json\/wp\/v2\/types\/product"}],"version-history":[{"count":1,"href":"https:\/\/duckdeco.lt\/lt\/wp-json\/wp\/v2\/product\/15766\/revisions"}],"predecessor-version":[{"id":15769,"href":"https:\/\/duckdeco.lt\/lt\/wp-json\/wp\/v2\/product\/15766\/revisions\/15769"}],"wp:featuredmedia":[{"embeddable":true,"href":"https:\/\/duckdeco.lt\/lt\/wp-json\/wp\/v2\/media\/15767"}],"wp:attachment":[{"href":"https:\/\/duckdeco.lt\/lt\/wp-json\/wp\/v2\/media?parent=15766"}],"wp:term":[{"taxonomy":"product_brand","embeddable":true,"href":"https:\/\/duckdeco.lt\/lt\/wp-json\/wp\/v2\/product_brand?post=15766"},{"taxonomy":"product_cat","embeddable":true,"href":"https:\/\/duckdeco.lt\/lt\/wp-json\/wp\/v2\/product_cat?post=15766"},{"taxonomy":"product_tag","embeddable":true,"href":"https:\/\/duckdeco.lt\/lt\/wp-json\/wp\/v2\/product_tag?post=15766"}],"curies":[{"name":"wp","href":"https:\/\/api.w.org\/{rel}","templated":true}]}}