{"id":15773,"date":"2026-02-26T11:54:32","date_gmt":"2026-02-26T09:54:32","guid":{"rendered":"https:\/\/duckdeco.lt\/?post_type=product&#038;p=15773"},"modified":"2026-02-26T11:58:03","modified_gmt":"2026-02-26T09:58:03","slug":"namu-kvapas-aroma-art-insuolway","status":"publish","type":"product","link":"https:\/\/duckdeco.lt\/lt\/product\/namu-kvapas-aroma-art-insuolway\/","title":{"rendered":"Nam\u0173 kvapas Aroma Art Insuolway"},"content":{"rendered":"<ul>\n<li><span class=\"HwtZe\" lang=\"lt\"><span class=\"jCAhz ChMk0b\"><span class=\"ryNqvb\">Ie\u0161kote nam\u0173 kvapo, kuris b\u016bt\u0173 ir galingas, ir eleganti\u0161kas?<\/span><\/span> <span class=\"jCAhz ChMk0b\"><span class=\"ryNqvb\">Tuomet \u201eAroma Art\u201c kedro medienos lazdel\u0117s difuzoriai yra puikus pasirinkimas. Kedro medienos kvapas yra klasikinis ir nesenstantis aromatas. Jis \u012fne\u0161a \u012f j\u016bs\u0173 namus \u0161ilt\u0105, gil\u0173 ir \u017eemi\u0161k\u0105 medienos aromat\u0105. <\/span><\/span><\/span><\/li>\n<li><span class=\"HwtZe\" lang=\"lt\"><span class=\"jCAhz ChMk0b\"><span class=\"ryNqvb\">\u0160is medienos aromatas idealiai tinka norint sukurti kaimi\u0161k\u0105, vyri\u0161k\u0105 ar jauki\u0105 atmosfer\u0105 j\u016bs\u0173 svetain\u0117je, biure.\u00a0<span class=\"jCAhz\">Tai kvapas, kuris spinduliuoja ramyb\u0119 ir stipryb\u0119. Talpa 800 ml.\u00a0<\/span><\/span><\/span><\/span><\/li>\n<\/ul>\n<table width=\"457\">\n<tbody>\n<tr>\n<td width=\"91\">I\u0161matavimai: Skersmuo 23 cm\/ Auk\u0161tis 39 cm.<\/td>\n<\/tr>\n<\/tbody>\n<\/table>\n<p>&nbsp;<\/p>\n","protected":false},"excerpt":{"rendered":"<p>Ie\u0161kote nam\u0173 kvapo, kuris b\u016bt\u0173 ir galingas, ir eleganti\u0161kas? Tuomet \u201eAroma Art\u201c kedro medienos lazdel\u0117s difuzoriai yra puikus pasirinkimas. Kedro medienos kvapas yra klasikinis ir nesenstantis aromatas. Jis \u012fne\u0161a \u012f j\u016bs\u0173 namus \u0161ilt\u0105, gil\u0173 ir \u017eemi\u0161k\u0105 medienos aromat\u0105. \u0160is medienos aromatas idealiai tinka norint sukurti kaimi\u0161k\u0105, vyri\u0161k\u0105 ar jauki\u0105 atmosfer\u0105 j\u016bs\u0173 svetain\u0117je, biure.\u00a0Tai kvapas, kuris &hellip; <br \/><a href=\"https:\/\/duckdeco.lt\/lt\/product\/namu-kvapas-aroma-art-insuolway\/\" class=\"more-link\">Continue reading <span class=\"screen-reader-text\">Nam\u0173 kvapas Aroma Art Insuolway<\/span><\/a><\/p>\n","protected":false},"featured_media":15777,"template":"","meta":{"_monsterinsights_skip_tracking":false,"_monsterinsights_sitenote_active":false,"_monsterinsights_sitenote_note":"","_monsterinsights_sitenote_category":0},"product_brand":[],"product_cat":[95,53],"product_tag":[541],"class_list":{"0":"post-15773","1":"product","2":"type-product","3":"status-publish","4":"has-post-thumbnail","6":"product_cat-interjerui","7":"product_cat-sub-category","8":"product_tag-namu-kvapas","10":"first","11":"instock","12":"taxable","13":"shipping-taxable","14":"purchasable","15":"product-type-simple"},"_links":{"self":[{"href":"https:\/\/duckdeco.lt\/lt\/wp-json\/wp\/v2\/product\/15773","targetHints":{"allow":["GET"]}}],"collection":[{"href":"https:\/\/duckdeco.lt\/lt\/wp-json\/wp\/v2\/product"}],"about":[{"href":"https:\/\/duckdeco.lt\/lt\/wp-json\/wp\/v2\/types\/product"}],"version-history":[{"count":1,"href":"https:\/\/duckdeco.lt\/lt\/wp-json\/wp\/v2\/product\/15773\/revisions"}],"predecessor-version":[{"id":15776,"href":"https:\/\/duckdeco.lt\/lt\/wp-json\/wp\/v2\/product\/15773\/revisions\/15776"}],"wp:featuredmedia":[{"embeddable":true,"href":"https:\/\/duckdeco.lt\/lt\/wp-json\/wp\/v2\/media\/15777"}],"wp:attachment":[{"href":"https:\/\/duckdeco.lt\/lt\/wp-json\/wp\/v2\/media?parent=15773"}],"wp:term":[{"taxonomy":"product_brand","embeddable":true,"href":"https:\/\/duckdeco.lt\/lt\/wp-json\/wp\/v2\/product_brand?post=15773"},{"taxonomy":"product_cat","embeddable":true,"href":"https:\/\/duckdeco.lt\/lt\/wp-json\/wp\/v2\/product_cat?post=15773"},{"taxonomy":"product_tag","embeddable":true,"href":"https:\/\/duckdeco.lt\/lt\/wp-json\/wp\/v2\/product_tag?post=15773"}],"curies":[{"name":"wp","href":"https:\/\/api.w.org\/{rel}","templated":true}]}}