{"id":15782,"date":"2026-02-26T13:35:39","date_gmt":"2026-02-26T11:35:39","guid":{"rendered":"https:\/\/duckdeco.lt\/?post_type=product&#038;p=15782"},"modified":"2026-03-12T10:20:20","modified_gmt":"2026-03-12T08:20:20","slug":"namu-kvapas-aroma-art-rosemary-musk","status":"publish","type":"product","link":"https:\/\/duckdeco.lt\/lt\/product\/namu-kvapas-aroma-art-rosemary-musk\/","title":{"rendered":"Nam\u0173 kvapas Aroma Art Rosemary musk"},"content":{"rendered":"<ul>\n<li><span class=\"HwtZe\" lang=\"lt\"><span class=\"jCAhz ChMk0b\"><span class=\"ryNqvb\">\u012ene\u0161kite \u0161ilumos, elegancijos ir rafinuotumo \u012f savo namus su prabangiu \u201eRozmarino ir muskuso aromatiniu difuzoriumi\u201c. <\/span><\/span><\/span><span class=\"HwtZe\" lang=\"lt\"><span class=\"jCAhz ChMk0b\"><span class=\"ryNqvb\">Rozmarino ir muskuso kvapas sujungia gaiv\u0173, a\u0161tr\u0173 rozmarino charakter\u012f su \u0161velniu muskuso sodrumu.<\/span><\/span> <span class=\"jCAhz ChMk0b\"><span class=\"ryNqvb\">Rezultatas \u2013 kvie\u010diantis, modernus nam\u0173 kvapas, kuris pagyvina bet kur\u012f kambar\u012f \u2013 nuo \u200b\u200bsvetain\u0117s iki miegamojo ar prie\u0161kambario.<\/span><\/span> <\/span><\/li>\n<li><span class=\"HwtZe\" lang=\"lt\"><span class=\"jCAhz ChMk0b\"><span class=\"ryNqvb\">Nuostabus kvap\u0173, prabangos ir i\u0161vaizdos derinys \u2013 pasiruo\u0161\u0119s suteikti j\u016bs\u0173 interjerui \u0161ilumos. <\/span><\/span><\/span><span class=\"HwtZe\" lang=\"lt\"><span class=\"jCAhz ChMk0b\"><span class=\"ryNqvb\"><span class=\"jCAhz\">Talpa 800 ml.\u00a0<\/span><\/span><\/span><\/span><\/li>\n<\/ul>\n<table width=\"457\">\n<tbody>\n<tr>\n<td width=\"91\">I\u0161matavimai: Skersmuo 23 cm\/ Auk\u0161tis 39 cm.<\/td>\n<\/tr>\n<\/tbody>\n<\/table>\n<p>&nbsp;<\/p>\n","protected":false},"excerpt":{"rendered":"<p>\u012ene\u0161kite \u0161ilumos, elegancijos ir rafinuotumo \u012f savo namus su prabangiu \u201eRozmarino ir muskuso aromatiniu difuzoriumi\u201c. Rozmarino ir muskuso kvapas sujungia gaiv\u0173, a\u0161tr\u0173 rozmarino charakter\u012f su \u0161velniu muskuso sodrumu. Rezultatas \u2013 kvie\u010diantis, modernus nam\u0173 kvapas, kuris pagyvina bet kur\u012f kambar\u012f \u2013 nuo \u200b\u200bsvetain\u0117s iki miegamojo ar prie\u0161kambario. Nuostabus kvap\u0173, prabangos ir i\u0161vaizdos derinys \u2013 pasiruo\u0161\u0119s suteikti &hellip; <br \/><a href=\"https:\/\/duckdeco.lt\/lt\/product\/namu-kvapas-aroma-art-rosemary-musk\/\" class=\"more-link\">Continue reading <span class=\"screen-reader-text\">Nam\u0173 kvapas Aroma Art Rosemary musk<\/span><\/a><\/p>\n","protected":false},"featured_media":15784,"template":"","meta":{"_monsterinsights_skip_tracking":false,"_monsterinsights_sitenote_active":false,"_monsterinsights_sitenote_note":"","_monsterinsights_sitenote_category":0},"product_brand":[],"product_cat":[95,53],"product_tag":[541],"class_list":{"0":"post-15782","1":"product","2":"type-product","3":"status-publish","4":"has-post-thumbnail","6":"product_cat-interjerui","7":"product_cat-sub-category","8":"product_tag-namu-kvapas","10":"first","11":"instock","12":"taxable","13":"shipping-taxable","14":"purchasable","15":"product-type-simple"},"_links":{"self":[{"href":"https:\/\/duckdeco.lt\/lt\/wp-json\/wp\/v2\/product\/15782","targetHints":{"allow":["GET"]}}],"collection":[{"href":"https:\/\/duckdeco.lt\/lt\/wp-json\/wp\/v2\/product"}],"about":[{"href":"https:\/\/duckdeco.lt\/lt\/wp-json\/wp\/v2\/types\/product"}],"version-history":[{"count":3,"href":"https:\/\/duckdeco.lt\/lt\/wp-json\/wp\/v2\/product\/15782\/revisions"}],"predecessor-version":[{"id":15918,"href":"https:\/\/duckdeco.lt\/lt\/wp-json\/wp\/v2\/product\/15782\/revisions\/15918"}],"wp:featuredmedia":[{"embeddable":true,"href":"https:\/\/duckdeco.lt\/lt\/wp-json\/wp\/v2\/media\/15784"}],"wp:attachment":[{"href":"https:\/\/duckdeco.lt\/lt\/wp-json\/wp\/v2\/media?parent=15782"}],"wp:term":[{"taxonomy":"product_brand","embeddable":true,"href":"https:\/\/duckdeco.lt\/lt\/wp-json\/wp\/v2\/product_brand?post=15782"},{"taxonomy":"product_cat","embeddable":true,"href":"https:\/\/duckdeco.lt\/lt\/wp-json\/wp\/v2\/product_cat?post=15782"},{"taxonomy":"product_tag","embeddable":true,"href":"https:\/\/duckdeco.lt\/lt\/wp-json\/wp\/v2\/product_tag?post=15782"}],"curies":[{"name":"wp","href":"https:\/\/api.w.org\/{rel}","templated":true}]}}