{"id":15787,"date":"2026-02-26T14:08:16","date_gmt":"2026-02-26T12:08:16","guid":{"rendered":"https:\/\/duckdeco.lt\/?post_type=product&#038;p=15787"},"modified":"2026-02-26T14:08:17","modified_gmt":"2026-02-26T12:08:17","slug":"namu-kvapas-aroma-eucalyptus-rose","status":"publish","type":"product","link":"https:\/\/duckdeco.lt\/lt\/product\/namu-kvapas-aroma-eucalyptus-rose\/","title":{"rendered":"Nam\u0173 kvapas Aroma Eucalyptus Rose"},"content":{"rendered":"<ul>\n<li>Subtilus eukalipto ir ro\u017ei\u0173 kvapo difuzorius su prabangia i\u0161vaizda, sukurs atpalaiduojan\u010di\u0105 atmosfer\u0105. <span class=\"HwtZe\" lang=\"lt\"><span class=\"HwtZe\" lang=\"lt\"><span class=\"jCAhz ChMk0b\"><span class=\"ryNqvb\">\u0160is stilingas nam\u0173 kvapas, ne tik puikus interjero akcentas, bet ir ilgai i\u0161liekantis, gaivus aromatas,<\/span><\/span><span class=\"jCAhz ChMk0b\"><span class=\"ryNqvb\"> suteikiantis namams prabangos bei ramyb\u0117s. Talpa 800 ml.\u00a0<\/span><\/span><\/span><\/span><br \/>\n<table width=\"457\">\n<tbody>\n<tr>\n<td width=\"91\">I\u0161matavimai: Skersmuo 23 cm\/ Auk\u0161tis 39 cm.<\/td>\n<\/tr>\n<\/tbody>\n<\/table>\n<p>&nbsp;<\/li>\n<\/ul>\n","protected":false},"excerpt":{"rendered":"<p>Subtilus eukalipto ir ro\u017ei\u0173 kvapo difuzorius su prabangia i\u0161vaizda, sukurs atpalaiduojan\u010di\u0105 atmosfer\u0105. \u0160is stilingas nam\u0173 kvapas, ne tik puikus interjero akcentas, bet ir ilgai i\u0161liekantis, gaivus aromatas, suteikiantis namams prabangos bei ramyb\u0117s. Talpa 800 ml.\u00a0 I\u0161matavimai: Skersmuo 23 cm\/ Auk\u0161tis 39 cm. &nbsp;<\/p>\n","protected":false},"featured_media":15788,"template":"","meta":{"_monsterinsights_skip_tracking":false,"_monsterinsights_sitenote_active":false,"_monsterinsights_sitenote_note":"","_monsterinsights_sitenote_category":0},"product_brand":[],"product_cat":[95,53],"product_tag":[541],"class_list":{"0":"post-15787","1":"product","2":"type-product","3":"status-publish","4":"has-post-thumbnail","6":"product_cat-interjerui","7":"product_cat-sub-category","8":"product_tag-namu-kvapas","10":"first","11":"instock","12":"taxable","13":"shipping-taxable","14":"purchasable","15":"product-type-simple"},"_links":{"self":[{"href":"https:\/\/duckdeco.lt\/lt\/wp-json\/wp\/v2\/product\/15787","targetHints":{"allow":["GET"]}}],"collection":[{"href":"https:\/\/duckdeco.lt\/lt\/wp-json\/wp\/v2\/product"}],"about":[{"href":"https:\/\/duckdeco.lt\/lt\/wp-json\/wp\/v2\/types\/product"}],"version-history":[{"count":1,"href":"https:\/\/duckdeco.lt\/lt\/wp-json\/wp\/v2\/product\/15787\/revisions"}],"predecessor-version":[{"id":15790,"href":"https:\/\/duckdeco.lt\/lt\/wp-json\/wp\/v2\/product\/15787\/revisions\/15790"}],"wp:featuredmedia":[{"embeddable":true,"href":"https:\/\/duckdeco.lt\/lt\/wp-json\/wp\/v2\/media\/15788"}],"wp:attachment":[{"href":"https:\/\/duckdeco.lt\/lt\/wp-json\/wp\/v2\/media?parent=15787"}],"wp:term":[{"taxonomy":"product_brand","embeddable":true,"href":"https:\/\/duckdeco.lt\/lt\/wp-json\/wp\/v2\/product_brand?post=15787"},{"taxonomy":"product_cat","embeddable":true,"href":"https:\/\/duckdeco.lt\/lt\/wp-json\/wp\/v2\/product_cat?post=15787"},{"taxonomy":"product_tag","embeddable":true,"href":"https:\/\/duckdeco.lt\/lt\/wp-json\/wp\/v2\/product_tag?post=15787"}],"curies":[{"name":"wp","href":"https:\/\/api.w.org\/{rel}","templated":true}]}}