{"id":15808,"date":"2026-02-26T16:24:23","date_gmt":"2026-02-26T14:24:23","guid":{"rendered":"https:\/\/duckdeco.lt\/?post_type=product&#038;p=15808"},"modified":"2026-02-26T16:31:31","modified_gmt":"2026-02-26T14:31:31","slug":"zvakide-papuga-2","status":"publish","type":"product","link":"https:\/\/duckdeco.lt\/lt\/product\/zvakide-papuga-2\/","title":{"rendered":"\u017dvakid\u0117 pap\u016bga"},"content":{"rendered":"<ul>\n<li><span class=\"HwtZe\" lang=\"lt\"><span class=\"jCAhz ChMk0b\"><span class=\"ryNqvb\">Ie\u0161kote unikalaus nam\u0173 dekoro elemento? \u0160i stilinga \u017evakid\u0117, kurioje nut\u016bpusi pap\u016bga, suteiks interjerui ry\u0161ki\u0173 spalv\u0173. Kiekviena \u017evakid\u0117 yra nuda\u017eyta rankomis, suteikiant jai unikal\u0173 charakter\u012f. <\/span><\/span><\/span><\/li>\n<li><span class=\"HwtZe\" lang=\"lt\"><span class=\"jCAhz ChMk0b\"><span class=\"ryNqvb\">Puikiai tinka visiems, kurie m\u0117gsta atogr\u0105\u017e\u0173 poj\u016bt\u012f, ie\u0161ko unikalios dovanos pauk\u0161\u010di\u0173 myl\u0117tojams. <\/span><\/span><\/span><span class=\"HwtZe\" lang=\"lt\"><span class=\"jCAhz ChMk0b\"><span class=\"ryNqvb\">Nesvarbu, ar pastatysite j\u0105 savo svetain\u0117je, ar rasite gra\u017ei\u0105 viet\u0105 valgomajame, ji trauks kiekvieno d\u0117mes\u012f. <\/span><\/span><\/span><\/li>\n<li><span class=\"HwtZe\" lang=\"lt\"><span class=\"jCAhz ChMk0b\"><span class=\"ryNqvb\">Detal\u0117s: med\u017eiaga \u2013 polirezinas. <\/span><\/span><\/span><\/li>\n<li><span class=\"HwtZe\" lang=\"lt\"><span class=\"jCAhz ChMk0b\"><span class=\"ryNqvb\">Spalva \u2013 \u012fvairiaspalvis.<br \/>\n<\/span><\/span><\/span><\/p>\n<table width=\"405\">\n<tbody>\n<tr>\n<td width=\"91\">I\u0161matavimai:<\/td>\n<\/tr>\n<\/tbody>\n<\/table>\n<p>&nbsp;<\/li>\n<\/ul>\n","protected":false},"excerpt":{"rendered":"<p>Ie\u0161kote unikalaus nam\u0173 dekoro elemento? \u0160i stilinga \u017evakid\u0117, kurioje nut\u016bpusi pap\u016bga, suteiks interjerui ry\u0161ki\u0173 spalv\u0173. Kiekviena \u017evakid\u0117 yra nuda\u017eyta rankomis, suteikiant jai unikal\u0173 charakter\u012f. Puikiai tinka visiems, kurie m\u0117gsta atogr\u0105\u017e\u0173 poj\u016bt\u012f, ie\u0161ko unikalios dovanos pauk\u0161\u010di\u0173 myl\u0117tojams. Nesvarbu, ar pastatysite j\u0105 savo svetain\u0117je, ar rasite gra\u017ei\u0105 viet\u0105 valgomajame, ji trauks kiekvieno d\u0117mes\u012f. Detal\u0117s: med\u017eiaga \u2013 polirezinas. &hellip; <br \/><a href=\"https:\/\/duckdeco.lt\/lt\/product\/zvakide-papuga-2\/\" class=\"more-link\">Continue reading <span class=\"screen-reader-text\">\u017dvakid\u0117 pap\u016bga<\/span><\/a><\/p>\n","protected":false},"featured_media":15807,"template":"","meta":{"_monsterinsights_skip_tracking":false,"_monsterinsights_sitenote_active":false,"_monsterinsights_sitenote_note":"","_monsterinsights_sitenote_category":0},"product_brand":[],"product_cat":[95,107],"product_tag":[531],"class_list":{"0":"post-15808","1":"product","2":"type-product","3":"status-publish","4":"has-post-thumbnail","6":"product_cat-interjerui","7":"product_cat-stilingos-zvakides-zvakes","8":"product_tag-zvakide-is-polirezino","10":"first","11":"instock","12":"taxable","13":"shipping-taxable","14":"purchasable","15":"product-type-simple"},"_links":{"self":[{"href":"https:\/\/duckdeco.lt\/lt\/wp-json\/wp\/v2\/product\/15808","targetHints":{"allow":["GET"]}}],"collection":[{"href":"https:\/\/duckdeco.lt\/lt\/wp-json\/wp\/v2\/product"}],"about":[{"href":"https:\/\/duckdeco.lt\/lt\/wp-json\/wp\/v2\/types\/product"}],"version-history":[{"count":1,"href":"https:\/\/duckdeco.lt\/lt\/wp-json\/wp\/v2\/product\/15808\/revisions"}],"predecessor-version":[{"id":15809,"href":"https:\/\/duckdeco.lt\/lt\/wp-json\/wp\/v2\/product\/15808\/revisions\/15809"}],"wp:featuredmedia":[{"embeddable":true,"href":"https:\/\/duckdeco.lt\/lt\/wp-json\/wp\/v2\/media\/15807"}],"wp:attachment":[{"href":"https:\/\/duckdeco.lt\/lt\/wp-json\/wp\/v2\/media?parent=15808"}],"wp:term":[{"taxonomy":"product_brand","embeddable":true,"href":"https:\/\/duckdeco.lt\/lt\/wp-json\/wp\/v2\/product_brand?post=15808"},{"taxonomy":"product_cat","embeddable":true,"href":"https:\/\/duckdeco.lt\/lt\/wp-json\/wp\/v2\/product_cat?post=15808"},{"taxonomy":"product_tag","embeddable":true,"href":"https:\/\/duckdeco.lt\/lt\/wp-json\/wp\/v2\/product_tag?post=15808"}],"curies":[{"name":"wp","href":"https:\/\/api.w.org\/{rel}","templated":true}]}}