{"id":15819,"date":"2026-03-04T17:15:20","date_gmt":"2026-03-04T15:15:20","guid":{"rendered":"https:\/\/duckdeco.lt\/?post_type=product&#038;p=15819"},"modified":"2026-03-17T09:09:09","modified_gmt":"2026-03-17T07:09:09","slug":"vaza-orange-2","status":"publish","type":"product","link":"https:\/\/duckdeco.lt\/lt\/product\/vaza-orange-2\/","title":{"rendered":"Vaza Orange"},"content":{"rendered":"<ul>\n<li class=\"lRu31\" dir=\"ltr\"><span class=\"HwtZe\" lang=\"lt\"><span class=\"jCAhz ChMk0b\"><span class=\"ryNqvb\">Vaza dekoruota apelsinais puikiai tinka k\u016brybingam interjerui, tai subtilus akcentas kuris \u012fne\u0161 \u012f J\u016bs\u0173 valgomojo zon\u0105 daugiau spalv\u0173.\u00a0<\/span><\/span><br \/>\n<\/span><\/p>\n<div class=\"NQSJo\">\n<table style=\"height: 75px;\" width=\"424\">\n<tbody>\n<tr>\n<td width=\"91\">I\u0161matavimai: Ilgis 12,5 cm \/ Plotis 8,3 cm \/ Auk\u0161tis 20,2 cm.<\/td>\n<\/tr>\n<\/tbody>\n<\/table>\n<p>&nbsp;<\/p>\n<\/div>\n<\/li>\n<\/ul>\n<div class=\"UdTY9 WdefRb\" aria-hidden=\"true\" data-location=\"2\">\n<div class=\"kO6q6e\"><img fetchpriority=\"high\" decoding=\"async\" class=\"alignnone size-medium wp-image-15821\" src=\"https:\/\/duckdeco.lt\/wp-content\/uploads\/2026\/03\/Hestia-Orange-2-287x300.jpg\" alt=\"\" width=\"287\" height=\"300\" srcset=\"https:\/\/duckdeco.lt\/wp-content\/uploads\/2026\/03\/Hestia-Orange-2-287x300.jpg 287w, https:\/\/duckdeco.lt\/wp-content\/uploads\/2026\/03\/Hestia-Orange-2-981x1024.jpg 981w, https:\/\/duckdeco.lt\/wp-content\/uploads\/2026\/03\/Hestia-Orange-2-768x802.jpg 768w, https:\/\/duckdeco.lt\/wp-content\/uploads\/2026\/03\/Hestia-Orange-2-11x12.jpg 11w, https:\/\/duckdeco.lt\/wp-content\/uploads\/2026\/03\/Hestia-Orange-2-600x626.jpg 600w, https:\/\/duckdeco.lt\/wp-content\/uploads\/2026\/03\/Hestia-Orange-2.jpg 1320w\" sizes=\"(max-width: 287px) 100vw, 287px\" \/><\/div>\n<\/div>\n<div class=\"XL3Kf XExWNc\">\n<div class=\"a8FIud X0rvP\">\n<div data-show-delay-ms=\"250\" data-append-to-body=\"false\" data-propagate-tooltip-mouseover-events=\"true\" data-anchor-corner=\"bottom-end\" data-enable-skip-handler=\"true\" data-popup-corner=\"top-end\">\n<div class=\"dig2sb\"><\/div>\n<\/div>\n<\/div>\n<\/div>\n<div class=\"XL3Kf XExWNc\">\n<div class=\"a8FIud X0rvP\">\n<div data-show-delay-ms=\"250\" data-append-to-body=\"false\" data-propagate-tooltip-mouseover-events=\"true\" data-anchor-corner=\"bottom-end\" data-enable-skip-handler=\"true\" data-popup-corner=\"top-end\"><\/div>\n<\/div>\n<\/div>\n<div class=\"ebT7ne VOLvac sMVRZe\">\n<div class=\"F0pQVc\"><\/div>\n<\/div>\n<div class=\"VO9ucd\">\n<div class=\"aJIq1d\" dir=\"ltr\" data-language-code=\"lt\" data-language-name=\"lietuvi\u0173\" data-text=\"I\u0161dr\u012fskite padaryti \u012fsp\u016bd\u012f savo interjere? \u0160i pomidor\u0173 vaza su \u017eaismingomis \u017ealiomis juostel\u0117mis suteiks j\u016bs\u0173 namams humoro ir spalv\u0173! Puikiai tinka k\u016brybingam interjerui, kaimi\u0161ko stiliaus virtuvei arba tiesiog kaip linksmas stalo papuo\u0161alas. \u0160ios vazos matmenys yra 17,3 x 13 x 23,5 cm.\" data-crosslingual-hint=\"\" data-location=\"2\" data-enable-toggle-playback-speed=\"true\" data-results-count=\"1\" data-result-index=\"1\">\n<div class=\"m0Qfkd\"><\/div>\n<\/div>\n<\/div>\n","protected":false},"excerpt":{"rendered":"<p>Vaza dekoruota apelsinais puikiai tinka k\u016brybingam interjerui, tai subtilus akcentas kuris \u012fne\u0161 \u012f J\u016bs\u0173 valgomojo zon\u0105 daugiau spalv\u0173.\u00a0 I\u0161matavimai: Ilgis 12,5 cm \/ Plotis 8,3 cm \/ Auk\u0161tis 20,2 cm. &nbsp;<\/p>\n","protected":false},"featured_media":15820,"template":"","meta":{"_monsterinsights_skip_tracking":false,"_monsterinsights_sitenote_active":false,"_monsterinsights_sitenote_note":"","_monsterinsights_sitenote_category":0},"product_brand":[],"product_cat":[103,101],"product_tag":[],"class_list":{"0":"post-15819","1":"product","2":"type-product","3":"status-publish","4":"has-post-thumbnail","6":"product_cat-dovanu-idejos","7":"product_cat-vazos","9":"first","10":"outofstock","11":"taxable","12":"shipping-taxable","13":"purchasable","14":"product-type-simple"},"_links":{"self":[{"href":"https:\/\/duckdeco.lt\/lt\/wp-json\/wp\/v2\/product\/15819","targetHints":{"allow":["GET"]}}],"collection":[{"href":"https:\/\/duckdeco.lt\/lt\/wp-json\/wp\/v2\/product"}],"about":[{"href":"https:\/\/duckdeco.lt\/lt\/wp-json\/wp\/v2\/types\/product"}],"version-history":[{"count":3,"href":"https:\/\/duckdeco.lt\/lt\/wp-json\/wp\/v2\/product\/15819\/revisions"}],"predecessor-version":[{"id":15824,"href":"https:\/\/duckdeco.lt\/lt\/wp-json\/wp\/v2\/product\/15819\/revisions\/15824"}],"wp:featuredmedia":[{"embeddable":true,"href":"https:\/\/duckdeco.lt\/lt\/wp-json\/wp\/v2\/media\/15820"}],"wp:attachment":[{"href":"https:\/\/duckdeco.lt\/lt\/wp-json\/wp\/v2\/media?parent=15819"}],"wp:term":[{"taxonomy":"product_brand","embeddable":true,"href":"https:\/\/duckdeco.lt\/lt\/wp-json\/wp\/v2\/product_brand?post=15819"},{"taxonomy":"product_cat","embeddable":true,"href":"https:\/\/duckdeco.lt\/lt\/wp-json\/wp\/v2\/product_cat?post=15819"},{"taxonomy":"product_tag","embeddable":true,"href":"https:\/\/duckdeco.lt\/lt\/wp-json\/wp\/v2\/product_tag?post=15819"}],"curies":[{"name":"wp","href":"https:\/\/api.w.org\/{rel}","templated":true}]}}