{"id":15827,"date":"2026-03-07T12:36:42","date_gmt":"2026-03-07T10:36:42","guid":{"rendered":"https:\/\/duckdeco.lt\/?post_type=product&#038;p=15827"},"modified":"2026-03-07T13:05:07","modified_gmt":"2026-03-07T11:05:07","slug":"vaza-purple-yellow-145","status":"publish","type":"product","link":"https:\/\/duckdeco.lt\/lt\/product\/vaza-purple-yellow-145\/","title":{"rendered":"Vaza Purple Yellow 30"},"content":{"rendered":"<ul>\n<li>Modernaus dizaino vaza i\u0161 Diga Colmore kolekcijos, subtilios formos, ry\u0161ki\u0173 pereinan\u010di\u0173 spalv\u0173. Tai ne vien interjero detal\u0117, kuri atliks savo funkcij\u0105, kartu tai taps ak\u012f traukian\u010dia nam\u0173 puo\u0161mena.<\/li>\n<li>Detal\u0117s: med\u017eiaga-stiklas.<\/li>\n<li>Spalva &#8211; violetin\u0117 \/ geltona.<br \/>\n<table width=\"405\">\n<tbody>\n<tr>\n<td width=\"91\">I\u0161matavimai: Skersmuo 14,5 cm \/ Auk\u0161tis 30 cm.<\/td>\n<\/tr>\n<\/tbody>\n<\/table>\n<p>&nbsp;<\/li>\n<\/ul>\n","protected":false},"excerpt":{"rendered":"<p>Modernaus dizaino vaza i\u0161 Diga Colmore kolekcijos, subtilios formos, ry\u0161ki\u0173 pereinan\u010di\u0173 spalv\u0173. Tai ne vien interjero detal\u0117, kuri atliks savo funkcij\u0105, kartu tai taps ak\u012f traukian\u010dia nam\u0173 puo\u0161mena. Detal\u0117s: med\u017eiaga-stiklas. Spalva &#8211; violetin\u0117 \/ geltona. I\u0161matavimai: Skersmuo 14,5 cm \/ Auk\u0161tis 30 cm. &nbsp;<\/p>\n","protected":false},"featured_media":15828,"template":"","meta":{"_monsterinsights_skip_tracking":false,"_monsterinsights_sitenote_active":false,"_monsterinsights_sitenote_note":"","_monsterinsights_sitenote_category":0},"product_brand":[],"product_cat":[106,103,122,101],"product_tag":[],"class_list":{"0":"post-15827","1":"product","2":"type-product","3":"status-publish","4":"has-post-thumbnail","6":"product_cat-dekoras-sventems","7":"product_cat-dovanu-idejos","8":"product_cat-ispardavimas","9":"product_cat-vazos","11":"first","12":"instock","13":"sale","14":"taxable","15":"shipping-taxable","16":"purchasable","17":"product-type-simple"},"_links":{"self":[{"href":"https:\/\/duckdeco.lt\/lt\/wp-json\/wp\/v2\/product\/15827","targetHints":{"allow":["GET"]}}],"collection":[{"href":"https:\/\/duckdeco.lt\/lt\/wp-json\/wp\/v2\/product"}],"about":[{"href":"https:\/\/duckdeco.lt\/lt\/wp-json\/wp\/v2\/types\/product"}],"version-history":[{"count":1,"href":"https:\/\/duckdeco.lt\/lt\/wp-json\/wp\/v2\/product\/15827\/revisions"}],"predecessor-version":[{"id":15831,"href":"https:\/\/duckdeco.lt\/lt\/wp-json\/wp\/v2\/product\/15827\/revisions\/15831"}],"wp:featuredmedia":[{"embeddable":true,"href":"https:\/\/duckdeco.lt\/lt\/wp-json\/wp\/v2\/media\/15828"}],"wp:attachment":[{"href":"https:\/\/duckdeco.lt\/lt\/wp-json\/wp\/v2\/media?parent=15827"}],"wp:term":[{"taxonomy":"product_brand","embeddable":true,"href":"https:\/\/duckdeco.lt\/lt\/wp-json\/wp\/v2\/product_brand?post=15827"},{"taxonomy":"product_cat","embeddable":true,"href":"https:\/\/duckdeco.lt\/lt\/wp-json\/wp\/v2\/product_cat?post=15827"},{"taxonomy":"product_tag","embeddable":true,"href":"https:\/\/duckdeco.lt\/lt\/wp-json\/wp\/v2\/product_tag?post=15827"}],"curies":[{"name":"wp","href":"https:\/\/api.w.org\/{rel}","templated":true}]}}