{"id":15844,"date":"2026-03-10T09:09:27","date_gmt":"2026-03-10T07:09:27","guid":{"rendered":"https:\/\/duckdeco.lt\/?post_type=product&#038;p=15844"},"modified":"2026-03-10T09:09:27","modified_gmt":"2026-03-10T07:09:27","slug":"serviravimo-lekste","status":"publish","type":"product","link":"https:\/\/duckdeco.lt\/lt\/product\/serviravimo-lekste\/","title":{"rendered":"Serviravimo l\u0117k\u0161t\u0117"},"content":{"rendered":"<ul>\n<li>Eleganti\u0161ka serviravimo l\u0117k\u0161t\u0117 su trimis skyriais, idealiai tinka u\u017ekand\u017eiams ar vaisiams pateikti.\n<ul>\n<li>Detal\u0117s: med\u017eiaga \u2013 keramika.<\/li>\n<li>Spalva &#8211; \u012fvairiaspalvis.<\/li>\n<\/ul>\n<table width=\"405\">\n<tbody>\n<tr>\n<td width=\"91\">I\u0161matavimai: Skersmuo 25,5 cm\/ Auk\u0161tis 9 cm.<\/td>\n<\/tr>\n<\/tbody>\n<\/table>\n<p>&nbsp;<\/li>\n<\/ul>\n","protected":false},"excerpt":{"rendered":"<p>Eleganti\u0161ka serviravimo l\u0117k\u0161t\u0117 su trimis skyriais, idealiai tinka u\u017ekand\u017eiams ar vaisiams pateikti. Detal\u0117s: med\u017eiaga \u2013 keramika. Spalva &#8211; \u012fvairiaspalvis. I\u0161matavimai: Skersmuo 25,5 cm\/ Auk\u0161tis 9 cm. &nbsp;<\/p>\n","protected":false},"featured_media":15847,"template":"","meta":{"_monsterinsights_skip_tracking":false,"_monsterinsights_sitenote_active":false,"_monsterinsights_sitenote_note":"","_monsterinsights_sitenote_category":0},"product_brand":[],"product_cat":[109],"product_tag":[],"class_list":{"0":"post-15844","1":"product","2":"type-product","3":"status-publish","4":"has-post-thumbnail","6":"product_cat-serviravimo-indai","8":"first","9":"instock","10":"taxable","11":"shipping-taxable","12":"purchasable","13":"product-type-simple"},"_links":{"self":[{"href":"https:\/\/duckdeco.lt\/lt\/wp-json\/wp\/v2\/product\/15844","targetHints":{"allow":["GET"]}}],"collection":[{"href":"https:\/\/duckdeco.lt\/lt\/wp-json\/wp\/v2\/product"}],"about":[{"href":"https:\/\/duckdeco.lt\/lt\/wp-json\/wp\/v2\/types\/product"}],"version-history":[{"count":1,"href":"https:\/\/duckdeco.lt\/lt\/wp-json\/wp\/v2\/product\/15844\/revisions"}],"predecessor-version":[{"id":15848,"href":"https:\/\/duckdeco.lt\/lt\/wp-json\/wp\/v2\/product\/15844\/revisions\/15848"}],"wp:featuredmedia":[{"embeddable":true,"href":"https:\/\/duckdeco.lt\/lt\/wp-json\/wp\/v2\/media\/15847"}],"wp:attachment":[{"href":"https:\/\/duckdeco.lt\/lt\/wp-json\/wp\/v2\/media?parent=15844"}],"wp:term":[{"taxonomy":"product_brand","embeddable":true,"href":"https:\/\/duckdeco.lt\/lt\/wp-json\/wp\/v2\/product_brand?post=15844"},{"taxonomy":"product_cat","embeddable":true,"href":"https:\/\/duckdeco.lt\/lt\/wp-json\/wp\/v2\/product_cat?post=15844"},{"taxonomy":"product_tag","embeddable":true,"href":"https:\/\/duckdeco.lt\/lt\/wp-json\/wp\/v2\/product_tag?post=15844"}],"curies":[{"name":"wp","href":"https:\/\/api.w.org\/{rel}","templated":true}]}}