{"id":15849,"date":"2026-03-10T09:17:11","date_gmt":"2026-03-10T07:17:11","guid":{"rendered":"https:\/\/duckdeco.lt\/?post_type=product&#038;p=15849"},"modified":"2026-03-10T09:17:12","modified_gmt":"2026-03-10T07:17:12","slug":"serviravimo-dubuo","status":"publish","type":"product","link":"https:\/\/duckdeco.lt\/lt\/product\/serviravimo-dubuo\/","title":{"rendered":"Serviravimo dubuo"},"content":{"rendered":"<ul>\n<li>Keramikinis serviravimo dubuo su citrinos motyvais &#8211; eleganti\u0161kas stalo papildymas.<\/li>\n<li>Detal\u0117s &#8211; med\u017eiaga &#8211; keramika.<\/li>\n<li>Spalva &#8211; \u012fvairiaspalvis.<br \/>\n<table width=\"405\">\n<tbody>\n<tr>\n<td width=\"91\">I\u0161matavimai: Skersmuo 32 cm \/ Auk\u0161tis 5.7 cm.<\/td>\n<\/tr>\n<\/tbody>\n<\/table>\n<p>&nbsp;<\/li>\n<\/ul>\n","protected":false},"excerpt":{"rendered":"<p>Keramikinis serviravimo dubuo su citrinos motyvais &#8211; eleganti\u0161kas stalo papildymas. Detal\u0117s &#8211; med\u017eiaga &#8211; keramika. Spalva &#8211; \u012fvairiaspalvis. I\u0161matavimai: Skersmuo 32 cm \/ Auk\u0161tis 5.7 cm. &nbsp;<\/p>\n","protected":false},"featured_media":15850,"template":"","meta":{"_monsterinsights_skip_tracking":false,"_monsterinsights_sitenote_active":false,"_monsterinsights_sitenote_note":"","_monsterinsights_sitenote_category":0},"product_brand":[],"product_cat":[109],"product_tag":[],"class_list":{"0":"post-15849","1":"product","2":"type-product","3":"status-publish","4":"has-post-thumbnail","6":"product_cat-serviravimo-indai","8":"first","9":"instock","10":"taxable","11":"shipping-taxable","12":"purchasable","13":"product-type-simple"},"_links":{"self":[{"href":"https:\/\/duckdeco.lt\/lt\/wp-json\/wp\/v2\/product\/15849","targetHints":{"allow":["GET"]}}],"collection":[{"href":"https:\/\/duckdeco.lt\/lt\/wp-json\/wp\/v2\/product"}],"about":[{"href":"https:\/\/duckdeco.lt\/lt\/wp-json\/wp\/v2\/types\/product"}],"version-history":[{"count":1,"href":"https:\/\/duckdeco.lt\/lt\/wp-json\/wp\/v2\/product\/15849\/revisions"}],"predecessor-version":[{"id":15851,"href":"https:\/\/duckdeco.lt\/lt\/wp-json\/wp\/v2\/product\/15849\/revisions\/15851"}],"wp:featuredmedia":[{"embeddable":true,"href":"https:\/\/duckdeco.lt\/lt\/wp-json\/wp\/v2\/media\/15850"}],"wp:attachment":[{"href":"https:\/\/duckdeco.lt\/lt\/wp-json\/wp\/v2\/media?parent=15849"}],"wp:term":[{"taxonomy":"product_brand","embeddable":true,"href":"https:\/\/duckdeco.lt\/lt\/wp-json\/wp\/v2\/product_brand?post=15849"},{"taxonomy":"product_cat","embeddable":true,"href":"https:\/\/duckdeco.lt\/lt\/wp-json\/wp\/v2\/product_cat?post=15849"},{"taxonomy":"product_tag","embeddable":true,"href":"https:\/\/duckdeco.lt\/lt\/wp-json\/wp\/v2\/product_tag?post=15849"}],"curies":[{"name":"wp","href":"https:\/\/api.w.org\/{rel}","templated":true}]}}