{"id":15858,"date":"2026-03-10T10:09:41","date_gmt":"2026-03-10T08:09:41","guid":{"rendered":"https:\/\/duckdeco.lt\/?post_type=product&#038;p=15858"},"modified":"2026-03-10T10:09:41","modified_gmt":"2026-03-10T08:09:41","slug":"papludimio-antinas","status":"publish","type":"product","link":"https:\/\/duckdeco.lt\/lt\/product\/papludimio-antinas\/","title":{"rendered":"Papl\u016bdimio antinas"},"content":{"rendered":"<ul>\n<li>\u017daismingas an\u010diukas su \u0161lepet\u0117mis, tikrai privers nusi\u0161ypsoti. \u0160i dekoratyvin\u0117 antino statul\u0117l\u0117 puikiai tiks balkonuose, terasose, sode ar gyvenamosiose patalpose. Pad\u0117kite j\u0105 ant palang\u0117s arba prie lauko dur\u0173, kad pasitikt\u0173 J\u016bs\u0173 sve\u010dius.<\/li>\n<li>Da\u017eyta rankomis, galva ir kojos pagamintos i\u0161 akacijos medienos, k\u016bnas &#8211; i\u0161 bambuko. Kiekviena antis yra unikali \u2013 nedideli formos ir medienos spalvos skirtumai yra nat\u016bral\u016bs.<\/li>\n<li>Detal\u0117s: med\u017eiaga &#8211; akacijos mediena, bambukas.<\/li>\n<li>Spalva &#8211; balta \/ m\u0117lyna.<\/li>\n<\/ul>\n<table width=\"405\">\n<tbody>\n<tr>\n<td width=\"91\">I\u0161matavimai: Auk\u0161tis 25 cm.<\/td>\n<\/tr>\n<\/tbody>\n<\/table>\n<p>&nbsp;<\/p>\n","protected":false},"excerpt":{"rendered":"<p>\u017daismingas an\u010diukas su \u0161lepet\u0117mis, tikrai privers nusi\u0161ypsoti. \u0160i dekoratyvin\u0117 antino statul\u0117l\u0117 puikiai tiks balkonuose, terasose, sode ar gyvenamosiose patalpose. Pad\u0117kite j\u0105 ant palang\u0117s arba prie lauko dur\u0173, kad pasitikt\u0173 J\u016bs\u0173 sve\u010dius. Da\u017eyta rankomis, galva ir kojos pagamintos i\u0161 akacijos medienos, k\u016bnas &#8211; i\u0161 bambuko. Kiekviena antis yra unikali \u2013 nedideli formos ir medienos spalvos skirtumai &hellip; <br \/><a href=\"https:\/\/duckdeco.lt\/lt\/product\/papludimio-antinas\/\" class=\"more-link\">Continue reading <span class=\"screen-reader-text\">Papl\u016bdimio antinas<\/span><\/a><\/p>\n","protected":false},"featured_media":15860,"template":"","meta":{"_monsterinsights_skip_tracking":false,"_monsterinsights_sitenote_active":false,"_monsterinsights_sitenote_note":"","_monsterinsights_sitenote_category":0},"product_brand":[],"product_cat":[130],"product_tag":[542],"class_list":{"0":"post-15858","1":"product","2":"type-product","3":"status-publish","4":"has-post-thumbnail","6":"product_cat-statuleles-deco","7":"product_tag-antino-statulele","9":"first","10":"instock","11":"taxable","12":"shipping-taxable","13":"purchasable","14":"product-type-simple"},"_links":{"self":[{"href":"https:\/\/duckdeco.lt\/lt\/wp-json\/wp\/v2\/product\/15858","targetHints":{"allow":["GET"]}}],"collection":[{"href":"https:\/\/duckdeco.lt\/lt\/wp-json\/wp\/v2\/product"}],"about":[{"href":"https:\/\/duckdeco.lt\/lt\/wp-json\/wp\/v2\/types\/product"}],"version-history":[{"count":1,"href":"https:\/\/duckdeco.lt\/lt\/wp-json\/wp\/v2\/product\/15858\/revisions"}],"predecessor-version":[{"id":15861,"href":"https:\/\/duckdeco.lt\/lt\/wp-json\/wp\/v2\/product\/15858\/revisions\/15861"}],"wp:featuredmedia":[{"embeddable":true,"href":"https:\/\/duckdeco.lt\/lt\/wp-json\/wp\/v2\/media\/15860"}],"wp:attachment":[{"href":"https:\/\/duckdeco.lt\/lt\/wp-json\/wp\/v2\/media?parent=15858"}],"wp:term":[{"taxonomy":"product_brand","embeddable":true,"href":"https:\/\/duckdeco.lt\/lt\/wp-json\/wp\/v2\/product_brand?post=15858"},{"taxonomy":"product_cat","embeddable":true,"href":"https:\/\/duckdeco.lt\/lt\/wp-json\/wp\/v2\/product_cat?post=15858"},{"taxonomy":"product_tag","embeddable":true,"href":"https:\/\/duckdeco.lt\/lt\/wp-json\/wp\/v2\/product_tag?post=15858"}],"curies":[{"name":"wp","href":"https:\/\/api.w.org\/{rel}","templated":true}]}}