{"id":15865,"date":"2026-03-10T12:08:28","date_gmt":"2026-03-10T10:08:28","guid":{"rendered":"https:\/\/duckdeco.lt\/?post_type=product&#038;p=15865"},"modified":"2026-03-10T12:08:28","modified_gmt":"2026-03-10T10:08:28","slug":"vaza-arquette","status":"publish","type":"product","link":"https:\/\/duckdeco.lt\/lt\/product\/vaza-arquette\/","title":{"rendered":"Vaza Arquette"},"content":{"rendered":"<p>&nbsp;<\/p>\n<ul>\n<li><span class=\"HwtZe\" lang=\"lt\"><span class=\"HwtZe\" lang=\"lt\"><span class=\"jCAhz ChMk0b\"><span class=\"ryNqvb\">Keramikin\u0117 vaza \u201eArquette\u201c bet kuriai erdvei suteikia sant\u016braus, modernaus elegancijos prisilietimo.<\/span><\/span> <span class=\"jCAhz ChMk0b\"><span class=\"ryNqvb\">Paprasto, nat\u016brali\u0173 sm\u0117lio atspalvi\u0173 dizaino ir subalansuotos formos vaza idealiai tinka skandinavi\u0161kam, minimalistiniam ar \u0161iuolaikiniam interjerui. <\/span><\/span><\/span><\/span><\/li>\n<li><span class=\"HwtZe\" lang=\"lt\"><span class=\"HwtZe\" lang=\"lt\"><span class=\"jCAhz ChMk0b\"><span class=\"ryNqvb\">Detal\u0117s: keramika. <\/span><\/span><\/span><\/span><\/li>\n<li><span class=\"HwtZe\" lang=\"lt\"><span class=\"HwtZe\" lang=\"lt\"><span class=\"jCAhz ChMk0b\"><span class=\"ryNqvb\">Spalva &#8211; kremin\u0117.\u00a0<\/span><\/span><\/span><\/span><br \/>\n<table width=\"405\">\n<tbody>\n<tr>\n<td width=\"91\">I\u0161matavimai: Skersmuo 9,5 \/ Auk\u0161tis 13,2 cm<\/td>\n<\/tr>\n<\/tbody>\n<\/table>\n<\/li>\n<\/ul>\n","protected":false},"excerpt":{"rendered":"<p>&nbsp; Keramikin\u0117 vaza \u201eArquette\u201c bet kuriai erdvei suteikia sant\u016braus, modernaus elegancijos prisilietimo. Paprasto, nat\u016brali\u0173 sm\u0117lio atspalvi\u0173 dizaino ir subalansuotos formos vaza idealiai tinka skandinavi\u0161kam, minimalistiniam ar \u0161iuolaikiniam interjerui. Detal\u0117s: keramika. Spalva &#8211; kremin\u0117.\u00a0 I\u0161matavimai: Skersmuo 9,5 \/ Auk\u0161tis 13,2 cm<\/p>\n","protected":false},"featured_media":15866,"template":"","meta":{"_monsterinsights_skip_tracking":false,"_monsterinsights_sitenote_active":false,"_monsterinsights_sitenote_note":"","_monsterinsights_sitenote_category":0},"product_brand":[],"product_cat":[101],"product_tag":[468],"class_list":{"0":"post-15865","1":"product","2":"type-product","3":"status-publish","4":"has-post-thumbnail","6":"product_cat-vazos","7":"product_tag-keramikine-vaza","9":"first","10":"instock","11":"taxable","12":"shipping-taxable","13":"purchasable","14":"product-type-simple"},"_links":{"self":[{"href":"https:\/\/duckdeco.lt\/lt\/wp-json\/wp\/v2\/product\/15865","targetHints":{"allow":["GET"]}}],"collection":[{"href":"https:\/\/duckdeco.lt\/lt\/wp-json\/wp\/v2\/product"}],"about":[{"href":"https:\/\/duckdeco.lt\/lt\/wp-json\/wp\/v2\/types\/product"}],"version-history":[{"count":1,"href":"https:\/\/duckdeco.lt\/lt\/wp-json\/wp\/v2\/product\/15865\/revisions"}],"predecessor-version":[{"id":15868,"href":"https:\/\/duckdeco.lt\/lt\/wp-json\/wp\/v2\/product\/15865\/revisions\/15868"}],"wp:featuredmedia":[{"embeddable":true,"href":"https:\/\/duckdeco.lt\/lt\/wp-json\/wp\/v2\/media\/15866"}],"wp:attachment":[{"href":"https:\/\/duckdeco.lt\/lt\/wp-json\/wp\/v2\/media?parent=15865"}],"wp:term":[{"taxonomy":"product_brand","embeddable":true,"href":"https:\/\/duckdeco.lt\/lt\/wp-json\/wp\/v2\/product_brand?post=15865"},{"taxonomy":"product_cat","embeddable":true,"href":"https:\/\/duckdeco.lt\/lt\/wp-json\/wp\/v2\/product_cat?post=15865"},{"taxonomy":"product_tag","embeddable":true,"href":"https:\/\/duckdeco.lt\/lt\/wp-json\/wp\/v2\/product_tag?post=15865"}],"curies":[{"name":"wp","href":"https:\/\/api.w.org\/{rel}","templated":true}]}}