{"id":15878,"date":"2026-03-10T13:20:45","date_gmt":"2026-03-10T11:20:45","guid":{"rendered":"https:\/\/duckdeco.lt\/?post_type=product&#038;p=15878"},"modified":"2026-04-13T15:38:32","modified_gmt":"2026-04-13T12:38:32","slug":"vaza-flower-rose","status":"publish","type":"product","link":"https:\/\/duckdeco.lt\/lt\/product\/vaza-flower-rose\/","title":{"rendered":"Vaza Flower rose"},"content":{"rendered":"<ul>\n<li><span class=\"HwtZe\" lang=\"lt\"><span class=\"jCAhz ChMk0b\"><span class=\"ryNqvb\">\u0160i unikali keramin\u0117 vaza bus tikras j\u016bs\u0173 nam\u0173 akcentas.<\/span><\/span> <span class=\"jCAhz ChMk0b\"><span class=\"ryNqvb\">\u0160velni ro\u017ein\u0117 spalva ir \u017eaismingos, organi\u0161kos detal\u0117s vir\u0161uje suteikia jai modern\u0173 ir meni\u0161k\u0105 vaizd\u0105,<\/span><\/span> b<span class=\"jCAhz ChMk0b\"><span class=\"ryNqvb\">lizgi apdaila sukuria stiling\u0105 ir prabang\u0173 vaizd\u0105.<\/span><\/span> <\/span><\/li>\n<li><span class=\"HwtZe\" lang=\"lt\"><span class=\"HwtZe\" lang=\"lt\"><span class=\"jCAhz ChMk0b\"><span class=\"ryNqvb\">Puikiai tinka kelioms \u0161vie\u017eioms g\u0117l\u0117ms ar d\u017eiovintoms \u0161akel\u0117ms,<\/span><\/span>\u00a0<span class=\"jCAhz ChMk0b\"><span class=\"ryNqvb\">net ir tu\u0161\u010dia taps dekoratyviniu elementu, kuris akimirksniu suteiks j\u016bs\u0173 interjerui jaukumo. <\/span><\/span><\/span><\/span><\/li>\n<li><span class=\"HwtZe\" lang=\"lt\"><span class=\"HwtZe\" lang=\"lt\"><span class=\"jCAhz ChMk0b\"><span class=\"ryNqvb\">Detal\u0117s: med\u017eiaga &#8211; keramika. <\/span><\/span><\/span><\/span><\/li>\n<li><span class=\"HwtZe\" lang=\"lt\"><span class=\"HwtZe\" lang=\"lt\"><span class=\"jCAhz ChMk0b\"><span class=\"ryNqvb\">Spalva &#8211; pastelin\u0117 ro\u017ein\u0117.\u00a0<\/span><\/span><\/span><\/span><br \/>\n<table width=\"405\">\n<tbody>\n<tr>\n<td width=\"91\">I\u0161matavimai: Skersmuo 11,5 cm \/ Auk\u0161tis 28 cm.<\/td>\n<\/tr>\n<\/tbody>\n<\/table>\n<\/li>\n<\/ul>\n","protected":false},"excerpt":{"rendered":"<p>\u0160i unikali keramin\u0117 vaza bus tikras j\u016bs\u0173 nam\u0173 akcentas. \u0160velni ro\u017ein\u0117 spalva ir \u017eaismingos, organi\u0161kos detal\u0117s vir\u0161uje suteikia jai modern\u0173 ir meni\u0161k\u0105 vaizd\u0105, blizgi apdaila sukuria stiling\u0105 ir prabang\u0173 vaizd\u0105. Puikiai tinka kelioms \u0161vie\u017eioms g\u0117l\u0117ms ar d\u017eiovintoms \u0161akel\u0117ms,\u00a0net ir tu\u0161\u010dia taps dekoratyviniu elementu, kuris akimirksniu suteiks j\u016bs\u0173 interjerui jaukumo. Detal\u0117s: med\u017eiaga &#8211; keramika. Spalva &#8211; &hellip; <br \/><a href=\"https:\/\/duckdeco.lt\/lt\/product\/vaza-flower-rose\/\" class=\"more-link\">Continue reading <span class=\"screen-reader-text\">Vaza Flower rose<\/span><\/a><\/p>\n","protected":false},"featured_media":15880,"template":"","meta":{"_monsterinsights_skip_tracking":false,"_monsterinsights_sitenote_active":false,"_monsterinsights_sitenote_note":"","_monsterinsights_sitenote_category":0},"product_brand":[],"product_cat":[95,101],"product_tag":[468],"class_list":{"0":"post-15878","1":"product","2":"type-product","3":"status-publish","4":"has-post-thumbnail","6":"product_cat-interjerui","7":"product_cat-vazos","8":"product_tag-keramikine-vaza","10":"first","11":"outofstock","12":"taxable","13":"shipping-taxable","14":"purchasable","15":"product-type-simple"},"_links":{"self":[{"href":"https:\/\/duckdeco.lt\/lt\/wp-json\/wp\/v2\/product\/15878","targetHints":{"allow":["GET"]}}],"collection":[{"href":"https:\/\/duckdeco.lt\/lt\/wp-json\/wp\/v2\/product"}],"about":[{"href":"https:\/\/duckdeco.lt\/lt\/wp-json\/wp\/v2\/types\/product"}],"version-history":[{"count":1,"href":"https:\/\/duckdeco.lt\/lt\/wp-json\/wp\/v2\/product\/15878\/revisions"}],"predecessor-version":[{"id":15881,"href":"https:\/\/duckdeco.lt\/lt\/wp-json\/wp\/v2\/product\/15878\/revisions\/15881"}],"wp:featuredmedia":[{"embeddable":true,"href":"https:\/\/duckdeco.lt\/lt\/wp-json\/wp\/v2\/media\/15880"}],"wp:attachment":[{"href":"https:\/\/duckdeco.lt\/lt\/wp-json\/wp\/v2\/media?parent=15878"}],"wp:term":[{"taxonomy":"product_brand","embeddable":true,"href":"https:\/\/duckdeco.lt\/lt\/wp-json\/wp\/v2\/product_brand?post=15878"},{"taxonomy":"product_cat","embeddable":true,"href":"https:\/\/duckdeco.lt\/lt\/wp-json\/wp\/v2\/product_cat?post=15878"},{"taxonomy":"product_tag","embeddable":true,"href":"https:\/\/duckdeco.lt\/lt\/wp-json\/wp\/v2\/product_tag?post=15878"}],"curies":[{"name":"wp","href":"https:\/\/api.w.org\/{rel}","templated":true}]}}