{"id":15884,"date":"2026-03-10T13:41:47","date_gmt":"2026-03-10T11:41:47","guid":{"rendered":"https:\/\/duckdeco.lt\/?post_type=product&#038;p=15884"},"modified":"2026-03-10T13:43:09","modified_gmt":"2026-03-10T11:43:09","slug":"vaza-leave","status":"publish","type":"product","link":"https:\/\/duckdeco.lt\/lt\/product\/vaza-leave\/","title":{"rendered":"Vaza Leave"},"content":{"rendered":"<ul>\n<li><span class=\"HwtZe\" lang=\"lt\"><span class=\"jCAhz ChMk0b\"><span class=\"ryNqvb\">\u0160i vaza pasi\u017eymi unikalia forma, <\/span><\/span><span class=\"jCAhz ChMk0b\"><span class=\"ryNqvb\">\u0161velnia, \u0161viesia spalva kuri sukuria raminan\u010di\u0105 i\u0161vaizd\u0105, o banguotas reljefas suteikia vazai unikal\u0173, rank\u0173 darbo charakter\u012f.<\/span><\/span> <span class=\"jCAhz ChMk0b\"><span class=\"ryNqvb\">Vaza gra\u017ei kaip atskiras dekoratyvinis elementas, ta\u010diau j\u0105 taip pat galima derinti su g\u0117li\u0173 puok\u0161t\u0117mis ar d\u017eiovintomis \u0161akel\u0117mis.<\/span><\/span> <\/span><\/li>\n<li><span class=\"HwtZe\" lang=\"lt\"><span class=\"jCAhz ChMk0b\"><span class=\"ryNqvb\">Ry\u0161kus dizainas ir neutrali spalva puikiai tinka moderniam, k\u016brybi\u0161kam ar nat\u016braliam interjerui. <\/span><\/span><\/span><\/li>\n<li><span class=\"HwtZe\" lang=\"lt\"><span class=\"jCAhz ChMk0b\"><span class=\"ryNqvb\">Detal\u0117s: med\u017eiaga &#8211; keramika. <\/span><\/span><\/span><\/li>\n<li><span class=\"HwtZe\" lang=\"lt\"><span class=\"HwtZe\" lang=\"lt\"><span class=\"jCAhz ChMk0b\"><span class=\"ryNqvb\">Spalva &#8211; kremin\u0117. <\/span><\/span><\/span><\/span><br \/>\n<table width=\"405\">\n<tbody>\n<tr>\n<td width=\"91\">I\u0161matavimai: Skersmuo 17 cm \/ Auk\u0161tis 28,5 cm.<\/td>\n<\/tr>\n<\/tbody>\n<\/table>\n<\/li>\n<\/ul>\n","protected":false},"excerpt":{"rendered":"<p>\u0160i vaza pasi\u017eymi unikalia forma, \u0161velnia, \u0161viesia spalva kuri sukuria raminan\u010di\u0105 i\u0161vaizd\u0105, o banguotas reljefas suteikia vazai unikal\u0173, rank\u0173 darbo charakter\u012f. Vaza gra\u017ei kaip atskiras dekoratyvinis elementas, ta\u010diau j\u0105 taip pat galima derinti su g\u0117li\u0173 puok\u0161t\u0117mis ar d\u017eiovintomis \u0161akel\u0117mis. Ry\u0161kus dizainas ir neutrali spalva puikiai tinka moderniam, k\u016brybi\u0161kam ar nat\u016braliam interjerui. Detal\u0117s: med\u017eiaga &#8211; keramika. &hellip; <br \/><a href=\"https:\/\/duckdeco.lt\/lt\/product\/vaza-leave\/\" class=\"more-link\">Continue reading <span class=\"screen-reader-text\">Vaza Leave<\/span><\/a><\/p>\n","protected":false},"featured_media":15886,"template":"","meta":{"_monsterinsights_skip_tracking":false,"_monsterinsights_sitenote_active":false,"_monsterinsights_sitenote_note":"","_monsterinsights_sitenote_category":0},"product_brand":[],"product_cat":[95,101],"product_tag":[468],"class_list":{"0":"post-15884","1":"product","2":"type-product","3":"status-publish","4":"has-post-thumbnail","6":"product_cat-interjerui","7":"product_cat-vazos","8":"product_tag-keramikine-vaza","10":"first","11":"instock","12":"taxable","13":"shipping-taxable","14":"purchasable","15":"product-type-simple"},"_links":{"self":[{"href":"https:\/\/duckdeco.lt\/lt\/wp-json\/wp\/v2\/product\/15884","targetHints":{"allow":["GET"]}}],"collection":[{"href":"https:\/\/duckdeco.lt\/lt\/wp-json\/wp\/v2\/product"}],"about":[{"href":"https:\/\/duckdeco.lt\/lt\/wp-json\/wp\/v2\/types\/product"}],"version-history":[{"count":1,"href":"https:\/\/duckdeco.lt\/lt\/wp-json\/wp\/v2\/product\/15884\/revisions"}],"predecessor-version":[{"id":15887,"href":"https:\/\/duckdeco.lt\/lt\/wp-json\/wp\/v2\/product\/15884\/revisions\/15887"}],"wp:featuredmedia":[{"embeddable":true,"href":"https:\/\/duckdeco.lt\/lt\/wp-json\/wp\/v2\/media\/15886"}],"wp:attachment":[{"href":"https:\/\/duckdeco.lt\/lt\/wp-json\/wp\/v2\/media?parent=15884"}],"wp:term":[{"taxonomy":"product_brand","embeddable":true,"href":"https:\/\/duckdeco.lt\/lt\/wp-json\/wp\/v2\/product_brand?post=15884"},{"taxonomy":"product_cat","embeddable":true,"href":"https:\/\/duckdeco.lt\/lt\/wp-json\/wp\/v2\/product_cat?post=15884"},{"taxonomy":"product_tag","embeddable":true,"href":"https:\/\/duckdeco.lt\/lt\/wp-json\/wp\/v2\/product_tag?post=15884"}],"curies":[{"name":"wp","href":"https:\/\/api.w.org\/{rel}","templated":true}]}}