{"id":15915,"date":"2026-03-12T09:43:01","date_gmt":"2026-03-12T07:43:01","guid":{"rendered":"https:\/\/duckdeco.lt\/?post_type=product&#038;p=15915"},"modified":"2026-03-12T09:43:01","modified_gmt":"2026-03-12T07:43:01","slug":"sieninis-veidrodis-i","status":"publish","type":"product","link":"https:\/\/duckdeco.lt\/lt\/product\/sieninis-veidrodis-i\/","title":{"rendered":"Sieninis veidrodis I"},"content":{"rendered":"<ul>\n<li class=\"lRu31\" dir=\"ltr\"><span class=\"HwtZe\" lang=\"lt\"><span class=\"jCAhz ChMk0b\"><span class=\"ryNqvb\">Prek\u0117s \u017eenklo \u201eClayre &amp; Eef\u201c sieninis veidrodis \u2013 nesenstanti klasika, kuri kartu persipina su modernizmu. D\u0117l savo stiliaus ir prakti\u0161ko dizaino puikiai der\u0117s tiek koridoriuje, svetain\u0117je ar vonios kambaryje.\u00a0<\/span><\/span><\/span><\/li>\n<li class=\"lRu31\" dir=\"ltr\"><span class=\"HwtZe\" lang=\"lt\"><span class=\"jCAhz ChMk0b\"><span class=\"ryNqvb\">Detal\u0117s: med\u017eiaga \u2013\u00a0<\/span><\/span><\/span> plastikas \/ stiklas.<\/li>\n<li class=\"lRu31\" dir=\"ltr\">Spalva \u2013 juoda.<br \/>\n<table width=\"405\">\n<tbody>\n<tr>\n<td width=\"91\">I\u0161matavimai: Skersmuo 34 cm.<\/td>\n<\/tr>\n<\/tbody>\n<\/table>\n<p>&nbsp;<\/li>\n<\/ul>\n","protected":false},"excerpt":{"rendered":"<p>Prek\u0117s \u017eenklo \u201eClayre &amp; Eef\u201c sieninis veidrodis \u2013 nesenstanti klasika, kuri kartu persipina su modernizmu. D\u0117l savo stiliaus ir prakti\u0161ko dizaino puikiai der\u0117s tiek koridoriuje, svetain\u0117je ar vonios kambaryje.\u00a0 Detal\u0117s: med\u017eiaga \u2013\u00a0 plastikas \/ stiklas. Spalva \u2013 juoda. I\u0161matavimai: Skersmuo 34 cm. &nbsp;<\/p>\n","protected":false},"featured_media":15916,"template":"","meta":{"_monsterinsights_skip_tracking":false,"_monsterinsights_sitenote_active":false,"_monsterinsights_sitenote_note":"","_monsterinsights_sitenote_category":0},"product_brand":[],"product_cat":[95,118],"product_tag":[543],"class_list":{"0":"post-15915","1":"product","2":"type-product","3":"status-publish","4":"has-post-thumbnail","6":"product_cat-interjerui","7":"product_cat-veidrodziai","8":"product_tag-sieninis-veidrodis","10":"first","11":"instock","12":"taxable","13":"shipping-taxable","14":"purchasable","15":"product-type-simple"},"_links":{"self":[{"href":"https:\/\/duckdeco.lt\/lt\/wp-json\/wp\/v2\/product\/15915","targetHints":{"allow":["GET"]}}],"collection":[{"href":"https:\/\/duckdeco.lt\/lt\/wp-json\/wp\/v2\/product"}],"about":[{"href":"https:\/\/duckdeco.lt\/lt\/wp-json\/wp\/v2\/types\/product"}],"version-history":[{"count":1,"href":"https:\/\/duckdeco.lt\/lt\/wp-json\/wp\/v2\/product\/15915\/revisions"}],"predecessor-version":[{"id":15917,"href":"https:\/\/duckdeco.lt\/lt\/wp-json\/wp\/v2\/product\/15915\/revisions\/15917"}],"wp:featuredmedia":[{"embeddable":true,"href":"https:\/\/duckdeco.lt\/lt\/wp-json\/wp\/v2\/media\/15916"}],"wp:attachment":[{"href":"https:\/\/duckdeco.lt\/lt\/wp-json\/wp\/v2\/media?parent=15915"}],"wp:term":[{"taxonomy":"product_brand","embeddable":true,"href":"https:\/\/duckdeco.lt\/lt\/wp-json\/wp\/v2\/product_brand?post=15915"},{"taxonomy":"product_cat","embeddable":true,"href":"https:\/\/duckdeco.lt\/lt\/wp-json\/wp\/v2\/product_cat?post=15915"},{"taxonomy":"product_tag","embeddable":true,"href":"https:\/\/duckdeco.lt\/lt\/wp-json\/wp\/v2\/product_tag?post=15915"}],"curies":[{"name":"wp","href":"https:\/\/api.w.org\/{rel}","templated":true}]}}