{"id":15938,"date":"2026-03-12T12:58:59","date_gmt":"2026-03-12T10:58:59","guid":{"rendered":"https:\/\/duckdeco.lt\/?post_type=product&#038;p=15938"},"modified":"2026-03-12T12:59:00","modified_gmt":"2026-03-12T10:59:00","slug":"vaza-pauksciai","status":"publish","type":"product","link":"https:\/\/duckdeco.lt\/lt\/product\/vaza-pauksciai\/","title":{"rendered":"Vaza Pauk\u0161\u010diai"},"content":{"rendered":"<ul>\n<li class=\"lRu31\" dir=\"ltr\"><span class=\"HwtZe\" lang=\"lt\"><span class=\"jCAhz ChMk0b\"><span class=\"ryNqvb\">\u012ene\u0161kite pavasari\u0161kos gyvyb\u0117s ir stiliaus su <\/span><\/span><span class=\"jCAhz ChMk0b\"><span class=\"ryNqvb\">\u0161ia eleganti\u0161ka vaza, kuri idealiai papuo\u0161 bet kuri\u0105 nam\u0173 erdv\u0119. Nesvarbu, ar pasirinksite eksponuoti vien\u0105 \u0161akel\u0119, ar ve\u0161li\u0105 puok\u0161t\u0119, \u0161i vaza bus puikus elementas J\u016bs\u0173 interjere. <\/span><\/span><\/span><\/li>\n<li class=\"lRu31\" dir=\"ltr\"><span class=\"HwtZe\" lang=\"lt\"><span class=\"jCAhz ChMk0b\"><span class=\"ryNqvb\">Vaza pagaminta i\u0161 auk\u0161tos kokyb\u0117s med\u017eiagos, kuri yra ne tik patvari, bet ir u\u017etikrina nesenstan\u010di\u0105 i\u0161vaizd\u0105. <\/span><\/span><\/span><\/li>\n<li class=\"lRu31\" dir=\"ltr\"><span class=\"HwtZe\" lang=\"lt\"><span class=\"jCAhz ChMk0b\"><span class=\"ryNqvb\">Detal\u0117s: med\u017eiaga &#8211; keramika. <\/span><\/span><\/span><\/li>\n<li class=\"lRu31\" dir=\"ltr\"><span class=\"HwtZe\" lang=\"lt\"><span class=\"HwtZe\" lang=\"lt\"><span class=\"jCAhz ChMk0b\"><span class=\"ryNqvb\">Spalva &#8211; \u017ealia.<\/span><\/span><\/span><\/span><br \/>\n<table width=\"457\">\n<tbody>\n<tr>\n<td width=\"91\">I\u0161matavimai: Skersmuo 10 cm \/ Auk\u0161tis 14 cm.<\/td>\n<\/tr>\n<\/tbody>\n<\/table>\n<\/li>\n<\/ul>\n","protected":false},"excerpt":{"rendered":"<p>\u012ene\u0161kite pavasari\u0161kos gyvyb\u0117s ir stiliaus su \u0161ia eleganti\u0161ka vaza, kuri idealiai papuo\u0161 bet kuri\u0105 nam\u0173 erdv\u0119. Nesvarbu, ar pasirinksite eksponuoti vien\u0105 \u0161akel\u0119, ar ve\u0161li\u0105 puok\u0161t\u0119, \u0161i vaza bus puikus elementas J\u016bs\u0173 interjere. Vaza pagaminta i\u0161 auk\u0161tos kokyb\u0117s med\u017eiagos, kuri yra ne tik patvari, bet ir u\u017etikrina nesenstan\u010di\u0105 i\u0161vaizd\u0105. Detal\u0117s: med\u017eiaga &#8211; keramika. Spalva &#8211; \u017ealia. &hellip; <br \/><a href=\"https:\/\/duckdeco.lt\/lt\/product\/vaza-pauksciai\/\" class=\"more-link\">Continue reading <span class=\"screen-reader-text\">Vaza Pauk\u0161\u010diai<\/span><\/a><\/p>\n","protected":false},"featured_media":15939,"template":"","meta":{"_monsterinsights_skip_tracking":false,"_monsterinsights_sitenote_active":false,"_monsterinsights_sitenote_note":"","_monsterinsights_sitenote_category":0},"product_brand":[],"product_cat":[95,101],"product_tag":[468],"class_list":{"0":"post-15938","1":"product","2":"type-product","3":"status-publish","4":"has-post-thumbnail","6":"product_cat-interjerui","7":"product_cat-vazos","8":"product_tag-keramikine-vaza","10":"first","11":"instock","12":"taxable","13":"shipping-taxable","14":"purchasable","15":"product-type-simple"},"_links":{"self":[{"href":"https:\/\/duckdeco.lt\/lt\/wp-json\/wp\/v2\/product\/15938","targetHints":{"allow":["GET"]}}],"collection":[{"href":"https:\/\/duckdeco.lt\/lt\/wp-json\/wp\/v2\/product"}],"about":[{"href":"https:\/\/duckdeco.lt\/lt\/wp-json\/wp\/v2\/types\/product"}],"version-history":[{"count":1,"href":"https:\/\/duckdeco.lt\/lt\/wp-json\/wp\/v2\/product\/15938\/revisions"}],"predecessor-version":[{"id":15940,"href":"https:\/\/duckdeco.lt\/lt\/wp-json\/wp\/v2\/product\/15938\/revisions\/15940"}],"wp:featuredmedia":[{"embeddable":true,"href":"https:\/\/duckdeco.lt\/lt\/wp-json\/wp\/v2\/media\/15939"}],"wp:attachment":[{"href":"https:\/\/duckdeco.lt\/lt\/wp-json\/wp\/v2\/media?parent=15938"}],"wp:term":[{"taxonomy":"product_brand","embeddable":true,"href":"https:\/\/duckdeco.lt\/lt\/wp-json\/wp\/v2\/product_brand?post=15938"},{"taxonomy":"product_cat","embeddable":true,"href":"https:\/\/duckdeco.lt\/lt\/wp-json\/wp\/v2\/product_cat?post=15938"},{"taxonomy":"product_tag","embeddable":true,"href":"https:\/\/duckdeco.lt\/lt\/wp-json\/wp\/v2\/product_tag?post=15938"}],"curies":[{"name":"wp","href":"https:\/\/api.w.org\/{rel}","templated":true}]}}