{"id":15949,"date":"2026-03-12T14:18:43","date_gmt":"2026-03-12T12:18:43","guid":{"rendered":"https:\/\/duckdeco.lt\/?post_type=product&#038;p=15949"},"modified":"2026-03-12T14:18:43","modified_gmt":"2026-03-12T12:18:43","slug":"duru-stabdis","status":"publish","type":"product","link":"https:\/\/duckdeco.lt\/lt\/product\/duru-stabdis\/","title":{"rendered":"Dur\u0173 stabdis"},"content":{"rendered":"<p>&nbsp;<\/p>\n<div class=\"tab-content\">\n<div id=\"tabs-list-description\" class=\"tab-pane active in\">\n<ul>\n<li>Eleganti\u0161kas dur\u0173 stabdis, ne\u012fkyrus interjero aksesuaras, atliekantis prakti\u0161k\u0105 funkcij\u0105 \u2013 saugantis j\u016bs\u0173 sienas nuo dur\u0173 atsitrenkimo.<\/li>\n<li>Nereikia gr\u0119\u017eti skyli\u0173 \u012f grindis ar sienas, tiesiog pad\u0117kite \u0161\u012f stabd\u012f.<\/li>\n<li>Detal\u0117s: med\u017eiaga &#8211; poliesteris \/ veli\u016bras. Svoris 1 kg.<\/li>\n<li>Spalva &#8211; m\u0117lyna.<\/li>\n<li>Prekinis \u017eenklas Mars &amp; More<\/li>\n<li>\n<table width=\"520\">\n<tbody>\n<tr>\n<td width=\"91\">I\u0161matavimai: Ilgis 18 cm \/ Plotis 11 cm \/ Auk\u0161tis 18 cm<\/td>\n<\/tr>\n<\/tbody>\n<\/table>\n<\/li>\n<\/ul>\n<\/div>\n<\/div>\n","protected":false},"excerpt":{"rendered":"<p>&nbsp; Eleganti\u0161kas dur\u0173 stabdis, ne\u012fkyrus interjero aksesuaras, atliekantis prakti\u0161k\u0105 funkcij\u0105 \u2013 saugantis j\u016bs\u0173 sienas nuo dur\u0173 atsitrenkimo. Nereikia gr\u0119\u017eti skyli\u0173 \u012f grindis ar sienas, tiesiog pad\u0117kite \u0161\u012f stabd\u012f. Detal\u0117s: med\u017eiaga &#8211; poliesteris \/ veli\u016bras. Svoris 1 kg. Spalva &#8211; m\u0117lyna. Prekinis \u017eenklas Mars &amp; More I\u0161matavimai: Ilgis 18 cm \/ Plotis 11 cm \/ Auk\u0161tis &hellip; <br \/><a href=\"https:\/\/duckdeco.lt\/lt\/product\/duru-stabdis\/\" class=\"more-link\">Continue reading <span class=\"screen-reader-text\">Dur\u0173 stabdis<\/span><\/a><\/p>\n","protected":false},"featured_media":15950,"template":"","meta":{"_monsterinsights_skip_tracking":false,"_monsterinsights_sitenote_active":false,"_monsterinsights_sitenote_note":"","_monsterinsights_sitenote_category":0},"product_brand":[],"product_cat":[138,95],"product_tag":[],"class_list":{"0":"post-15949","1":"product","2":"type-product","3":"status-publish","4":"has-post-thumbnail","6":"product_cat-duru-atmusejai","7":"product_cat-interjerui","9":"first","10":"instock","11":"taxable","12":"shipping-taxable","13":"purchasable","14":"product-type-simple"},"_links":{"self":[{"href":"https:\/\/duckdeco.lt\/lt\/wp-json\/wp\/v2\/product\/15949","targetHints":{"allow":["GET"]}}],"collection":[{"href":"https:\/\/duckdeco.lt\/lt\/wp-json\/wp\/v2\/product"}],"about":[{"href":"https:\/\/duckdeco.lt\/lt\/wp-json\/wp\/v2\/types\/product"}],"version-history":[{"count":1,"href":"https:\/\/duckdeco.lt\/lt\/wp-json\/wp\/v2\/product\/15949\/revisions"}],"predecessor-version":[{"id":15952,"href":"https:\/\/duckdeco.lt\/lt\/wp-json\/wp\/v2\/product\/15949\/revisions\/15952"}],"wp:featuredmedia":[{"embeddable":true,"href":"https:\/\/duckdeco.lt\/lt\/wp-json\/wp\/v2\/media\/15950"}],"wp:attachment":[{"href":"https:\/\/duckdeco.lt\/lt\/wp-json\/wp\/v2\/media?parent=15949"}],"wp:term":[{"taxonomy":"product_brand","embeddable":true,"href":"https:\/\/duckdeco.lt\/lt\/wp-json\/wp\/v2\/product_brand?post=15949"},{"taxonomy":"product_cat","embeddable":true,"href":"https:\/\/duckdeco.lt\/lt\/wp-json\/wp\/v2\/product_cat?post=15949"},{"taxonomy":"product_tag","embeddable":true,"href":"https:\/\/duckdeco.lt\/lt\/wp-json\/wp\/v2\/product_tag?post=15949"}],"curies":[{"name":"wp","href":"https:\/\/api.w.org\/{rel}","templated":true}]}}