{"id":15953,"date":"2026-03-12T14:38:22","date_gmt":"2026-03-12T12:38:22","guid":{"rendered":"https:\/\/duckdeco.lt\/?post_type=product&#038;p=15953"},"modified":"2026-03-12T14:38:22","modified_gmt":"2026-03-12T12:38:22","slug":"duru-atmusejas-katinelis","status":"publish","type":"product","link":"https:\/\/duckdeco.lt\/lt\/product\/duru-atmusejas-katinelis\/","title":{"rendered":"Dur\u0173 atmu\u0161\u0117jas katin\u0117lis"},"content":{"rendered":"<ul>\n<li>Apgyvendinkite savo namuose miel\u0105 katin\u0117l\u012f, kuris ne tik kad nereikalaus prie\u017ei\u016bros, bet dar ir atliks savo funkcij\u0105 \u2013 saugos j\u016bs\u0173 sienas nuo atsitrenkian\u010di\u0173 dur\u0173.<\/li>\n<li>K\u016brybi\u0161kesnis variantas standartiniams prie sien\u0173 ar grind\u0173 tvirtinamiems dur\u0173 stabd\u017eiams. Ir nereikia nieko gr\u0119\u017eti.<\/li>\n<li>\u017daismingas ir naudingas.Tai originalus dur\u0173 laikiklis, kuris kartu taps ir puikiu nam\u0173 aksesuaru.<\/li>\n<li>Detal\u0117s: med\u017eiaga \u2013 poliesteris.<\/li>\n<li>Spalva \u2013 geltona.<\/li>\n<\/ul>\n<table width=\"405\">\n<tbody>\n<tr>\n<td width=\"91\">I\u0161matavimai: Ilgis 18 cm \/ Plotis 20 cm \/ Auk\u0161tis 41 cm.<\/td>\n<\/tr>\n<\/tbody>\n<\/table>\n<p>&nbsp;<\/p>\n","protected":false},"excerpt":{"rendered":"<p>Apgyvendinkite savo namuose miel\u0105 katin\u0117l\u012f, kuris ne tik kad nereikalaus prie\u017ei\u016bros, bet dar ir atliks savo funkcij\u0105 \u2013 saugos j\u016bs\u0173 sienas nuo atsitrenkian\u010di\u0173 dur\u0173. K\u016brybi\u0161kesnis variantas standartiniams prie sien\u0173 ar grind\u0173 tvirtinamiems dur\u0173 stabd\u017eiams. Ir nereikia nieko gr\u0119\u017eti. \u017daismingas ir naudingas.Tai originalus dur\u0173 laikiklis, kuris kartu taps ir puikiu nam\u0173 aksesuaru. Detal\u0117s: med\u017eiaga \u2013 poliesteris. &hellip; <br \/><a href=\"https:\/\/duckdeco.lt\/lt\/product\/duru-atmusejas-katinelis\/\" class=\"more-link\">Continue reading <span class=\"screen-reader-text\">Dur\u0173 atmu\u0161\u0117jas katin\u0117lis<\/span><\/a><\/p>\n","protected":false},"featured_media":15954,"template":"","meta":{"_monsterinsights_skip_tracking":false,"_monsterinsights_sitenote_active":false,"_monsterinsights_sitenote_note":"","_monsterinsights_sitenote_category":0},"product_brand":[],"product_cat":[103,138,104],"product_tag":[],"class_list":{"0":"post-15953","1":"product","2":"type-product","3":"status-publish","4":"has-post-thumbnail","6":"product_cat-dovanu-idejos","7":"product_cat-duru-atmusejai","8":"product_cat-vaikams","10":"first","11":"instock","12":"taxable","13":"shipping-taxable","14":"purchasable","15":"product-type-simple"},"_links":{"self":[{"href":"https:\/\/duckdeco.lt\/lt\/wp-json\/wp\/v2\/product\/15953","targetHints":{"allow":["GET"]}}],"collection":[{"href":"https:\/\/duckdeco.lt\/lt\/wp-json\/wp\/v2\/product"}],"about":[{"href":"https:\/\/duckdeco.lt\/lt\/wp-json\/wp\/v2\/types\/product"}],"version-history":[{"count":1,"href":"https:\/\/duckdeco.lt\/lt\/wp-json\/wp\/v2\/product\/15953\/revisions"}],"predecessor-version":[{"id":15955,"href":"https:\/\/duckdeco.lt\/lt\/wp-json\/wp\/v2\/product\/15953\/revisions\/15955"}],"wp:featuredmedia":[{"embeddable":true,"href":"https:\/\/duckdeco.lt\/lt\/wp-json\/wp\/v2\/media\/15954"}],"wp:attachment":[{"href":"https:\/\/duckdeco.lt\/lt\/wp-json\/wp\/v2\/media?parent=15953"}],"wp:term":[{"taxonomy":"product_brand","embeddable":true,"href":"https:\/\/duckdeco.lt\/lt\/wp-json\/wp\/v2\/product_brand?post=15953"},{"taxonomy":"product_cat","embeddable":true,"href":"https:\/\/duckdeco.lt\/lt\/wp-json\/wp\/v2\/product_cat?post=15953"},{"taxonomy":"product_tag","embeddable":true,"href":"https:\/\/duckdeco.lt\/lt\/wp-json\/wp\/v2\/product_tag?post=15953"}],"curies":[{"name":"wp","href":"https:\/\/api.w.org\/{rel}","templated":true}]}}