{"id":15956,"date":"2026-03-13T08:49:06","date_gmt":"2026-03-13T06:49:06","guid":{"rendered":"https:\/\/duckdeco.lt\/?post_type=product&#038;p=15956"},"modified":"2026-03-13T08:49:07","modified_gmt":"2026-03-13T06:49:07","slug":"vazeliu-rinkinys-3-vnt","status":"publish","type":"product","link":"https:\/\/duckdeco.lt\/lt\/product\/vazeliu-rinkinys-3-vnt\/","title":{"rendered":"Vazeli\u0173 rinkinys 3 vnt."},"content":{"rendered":"<ul>\n<li><span class=\"HwtZe\" lang=\"lt\"><span class=\"jCAhz ChMk0b\"><span class=\"ryNqvb\">Ie\u0161kote sprendimo, kuriuo gal\u0117tum\u0117te pasikliauti kasdieniniame gyvenime?<\/span><\/span> <span class=\"jCAhz ChMk0b\"><span class=\"ryNqvb\">Tuomet \u0161is vazeli\u0173 rinkinys<\/span><\/span><span class=\"jCAhz ChMk0b\"><span class=\"ryNqvb\"> tai sprendimas, kuriame funkcionalumas ir apdaila dera tarpusavyje. <\/span><\/span><\/span><\/li>\n<li><span class=\"HwtZe\" lang=\"lt\"><span class=\"jCAhz ChMk0b\"><span class=\"ryNqvb\">Vazel\u0117s<\/span><\/span><span class=\"jCAhz ChMk0b\"><span class=\"ryNqvb\"> pagamintos i\u0161 keramikos su blizgia, reaktyvia glaz\u016bra, kuri sukuria unikalius spalv\u0173 variantus. Med\u017eiagos kruop\u0161\u010diai atrinktos, kad sprendimas b\u016bt\u0173 prakti\u0161kas ir laikui b\u0117gant i\u0161likt\u0173 gra\u017eus.<\/span><\/span> <span class=\"jCAhz ChMk0b\"><span class=\"ryNqvb\">Nesenstanti i\u0161vaizda leid\u017eia lengvai priderinti prie skirtingo interjero ir stili\u0173. <\/span><\/span><\/span><\/li>\n<li><span class=\"HwtZe\" lang=\"lt\"><span class=\"jCAhz ChMk0b\"><span class=\"ryNqvb\">Detal\u0117s: med\u017eiaga &#8211; keramika. <\/span><\/span><\/span><\/li>\n<li><span class=\"HwtZe\" lang=\"lt\"><span class=\"jCAhz ChMk0b\"><span class=\"ryNqvb\">Spalva &#8211; \u0161viesiai melsva.\u00a0<\/span><\/span><\/span><\/li>\n<\/ul>\n<table width=\"405\">\n<tbody>\n<tr>\n<td width=\"91\"><\/td>\n<\/tr>\n<\/tbody>\n<\/table>\n<p>&nbsp;<\/p>\n","protected":false},"excerpt":{"rendered":"<p>Ie\u0161kote sprendimo, kuriuo gal\u0117tum\u0117te pasikliauti kasdieniniame gyvenime? Tuomet \u0161is vazeli\u0173 rinkinys tai sprendimas, kuriame funkcionalumas ir apdaila dera tarpusavyje. Vazel\u0117s pagamintos i\u0161 keramikos su blizgia, reaktyvia glaz\u016bra, kuri sukuria unikalius spalv\u0173 variantus. Med\u017eiagos kruop\u0161\u010diai atrinktos, kad sprendimas b\u016bt\u0173 prakti\u0161kas ir laikui b\u0117gant i\u0161likt\u0173 gra\u017eus. Nesenstanti i\u0161vaizda leid\u017eia lengvai priderinti prie skirtingo interjero ir stili\u0173. Detal\u0117s: &hellip; <br \/><a href=\"https:\/\/duckdeco.lt\/lt\/product\/vazeliu-rinkinys-3-vnt\/\" class=\"more-link\">Continue reading <span class=\"screen-reader-text\">Vazeli\u0173 rinkinys 3 vnt.<\/span><\/a><\/p>\n","protected":false},"featured_media":15957,"template":"","meta":{"_monsterinsights_skip_tracking":false,"_monsterinsights_sitenote_active":false,"_monsterinsights_sitenote_note":"","_monsterinsights_sitenote_category":0},"product_brand":[],"product_cat":[95,101],"product_tag":[546],"class_list":{"0":"post-15956","1":"product","2":"type-product","3":"status-publish","4":"has-post-thumbnail","6":"product_cat-interjerui","7":"product_cat-vazos","8":"product_tag-keramikines-vazeles","10":"first","11":"instock","12":"taxable","13":"shipping-taxable","14":"purchasable","15":"product-type-simple"},"_links":{"self":[{"href":"https:\/\/duckdeco.lt\/lt\/wp-json\/wp\/v2\/product\/15956","targetHints":{"allow":["GET"]}}],"collection":[{"href":"https:\/\/duckdeco.lt\/lt\/wp-json\/wp\/v2\/product"}],"about":[{"href":"https:\/\/duckdeco.lt\/lt\/wp-json\/wp\/v2\/types\/product"}],"version-history":[{"count":1,"href":"https:\/\/duckdeco.lt\/lt\/wp-json\/wp\/v2\/product\/15956\/revisions"}],"predecessor-version":[{"id":15958,"href":"https:\/\/duckdeco.lt\/lt\/wp-json\/wp\/v2\/product\/15956\/revisions\/15958"}],"wp:featuredmedia":[{"embeddable":true,"href":"https:\/\/duckdeco.lt\/lt\/wp-json\/wp\/v2\/media\/15957"}],"wp:attachment":[{"href":"https:\/\/duckdeco.lt\/lt\/wp-json\/wp\/v2\/media?parent=15956"}],"wp:term":[{"taxonomy":"product_brand","embeddable":true,"href":"https:\/\/duckdeco.lt\/lt\/wp-json\/wp\/v2\/product_brand?post=15956"},{"taxonomy":"product_cat","embeddable":true,"href":"https:\/\/duckdeco.lt\/lt\/wp-json\/wp\/v2\/product_cat?post=15956"},{"taxonomy":"product_tag","embeddable":true,"href":"https:\/\/duckdeco.lt\/lt\/wp-json\/wp\/v2\/product_tag?post=15956"}],"curies":[{"name":"wp","href":"https:\/\/api.w.org\/{rel}","templated":true}]}}