{"id":15969,"date":"2026-03-13T10:19:25","date_gmt":"2026-03-13T08:19:25","guid":{"rendered":"https:\/\/duckdeco.lt\/?post_type=product&#038;p=15969"},"modified":"2026-03-17T09:01:58","modified_gmt":"2026-03-17T07:01:58","slug":"zvakide-orange-black-l","status":"publish","type":"product","link":"https:\/\/duckdeco.lt\/lt\/product\/zvakide-orange-black-l\/","title":{"rendered":"\u017dvakid\u0117 Orange \/ black L"},"content":{"rendered":"<ul>\n<li>Dvispalv\u0117 kri\u0161tolinio stiklo \u017evakid\u0117. Oran\u017ein\u0117\/ juoda.<\/li>\n<li>\n<table width=\"220\">\n<tbody>\n<tr>\n<td width=\"220\">Ilgis \/ plotis \/ auk\u0161tis<\/td>\n<\/tr>\n<tr>\n<td width=\"220\">6x6x14 cm<\/td>\n<\/tr>\n<\/tbody>\n<\/table>\n<\/li>\n<\/ul>\n","protected":false},"excerpt":{"rendered":"<p>Dvispalv\u0117 kri\u0161tolinio stiklo \u017evakid\u0117. Oran\u017ein\u0117\/ juoda. Ilgis \/ plotis \/ auk\u0161tis 6x6x14 cm<\/p>\n","protected":false},"featured_media":15981,"template":"","meta":{"_monsterinsights_skip_tracking":false,"_monsterinsights_sitenote_active":false,"_monsterinsights_sitenote_note":"","_monsterinsights_sitenote_category":0},"product_brand":[],"product_cat":[106,95,107],"product_tag":[547],"class_list":{"0":"post-15969","1":"product","2":"type-product","3":"status-publish","4":"has-post-thumbnail","6":"product_cat-dekoras-sventems","7":"product_cat-interjerui","8":"product_cat-stilingos-zvakides-zvakes","9":"product_tag-kristoline-zvakide","11":"first","12":"instock","13":"taxable","14":"shipping-taxable","15":"purchasable","16":"product-type-simple"},"_links":{"self":[{"href":"https:\/\/duckdeco.lt\/lt\/wp-json\/wp\/v2\/product\/15969","targetHints":{"allow":["GET"]}}],"collection":[{"href":"https:\/\/duckdeco.lt\/lt\/wp-json\/wp\/v2\/product"}],"about":[{"href":"https:\/\/duckdeco.lt\/lt\/wp-json\/wp\/v2\/types\/product"}],"version-history":[{"count":2,"href":"https:\/\/duckdeco.lt\/lt\/wp-json\/wp\/v2\/product\/15969\/revisions"}],"predecessor-version":[{"id":15994,"href":"https:\/\/duckdeco.lt\/lt\/wp-json\/wp\/v2\/product\/15969\/revisions\/15994"}],"wp:featuredmedia":[{"embeddable":true,"href":"https:\/\/duckdeco.lt\/lt\/wp-json\/wp\/v2\/media\/15981"}],"wp:attachment":[{"href":"https:\/\/duckdeco.lt\/lt\/wp-json\/wp\/v2\/media?parent=15969"}],"wp:term":[{"taxonomy":"product_brand","embeddable":true,"href":"https:\/\/duckdeco.lt\/lt\/wp-json\/wp\/v2\/product_brand?post=15969"},{"taxonomy":"product_cat","embeddable":true,"href":"https:\/\/duckdeco.lt\/lt\/wp-json\/wp\/v2\/product_cat?post=15969"},{"taxonomy":"product_tag","embeddable":true,"href":"https:\/\/duckdeco.lt\/lt\/wp-json\/wp\/v2\/product_tag?post=15969"}],"curies":[{"name":"wp","href":"https:\/\/api.w.org\/{rel}","templated":true}]}}