{"id":16007,"date":"2026-03-17T09:55:57","date_gmt":"2026-03-17T07:55:57","guid":{"rendered":"https:\/\/duckdeco.lt\/?post_type=product&#038;p=16007"},"modified":"2026-03-17T09:55:57","modified_gmt":"2026-03-17T07:55:57","slug":"zvakide-clear-orange","status":"publish","type":"product","link":"https:\/\/duckdeco.lt\/lt\/product\/zvakide-clear-orange\/","title":{"rendered":"\u017dvakid\u0117 Clear \/ orange"},"content":{"rendered":"<ul>\n<li>Dvispalv\u0117 kri\u0161tolinio stiklo \u017evakid\u0117. Skaidri\/ oran\u017ein\u0117.<\/li>\n<li>\n<table width=\"220\">\n<tbody>\n<tr>\n<td width=\"220\">Ilgis \/ plotis \/ auk\u0161tis<\/td>\n<\/tr>\n<tr>\n<td width=\"220\">6x6x9 cm<\/td>\n<\/tr>\n<\/tbody>\n<\/table>\n<\/li>\n<\/ul>\n","protected":false},"excerpt":{"rendered":"<p>Dvispalv\u0117 kri\u0161tolinio stiklo \u017evakid\u0117. Skaidri\/ oran\u017ein\u0117. Ilgis \/ plotis \/ auk\u0161tis 6x6x9 cm<\/p>\n","protected":false},"featured_media":16008,"template":"","meta":{"_monsterinsights_skip_tracking":false,"_monsterinsights_sitenote_active":false,"_monsterinsights_sitenote_note":"","_monsterinsights_sitenote_category":0},"product_brand":[],"product_cat":[106,107],"product_tag":[547],"class_list":{"0":"post-16007","1":"product","2":"type-product","3":"status-publish","4":"has-post-thumbnail","6":"product_cat-dekoras-sventems","7":"product_cat-stilingos-zvakides-zvakes","8":"product_tag-kristoline-zvakide","10":"first","11":"instock","12":"taxable","13":"shipping-taxable","14":"purchasable","15":"product-type-simple"},"_links":{"self":[{"href":"https:\/\/duckdeco.lt\/lt\/wp-json\/wp\/v2\/product\/16007","targetHints":{"allow":["GET"]}}],"collection":[{"href":"https:\/\/duckdeco.lt\/lt\/wp-json\/wp\/v2\/product"}],"about":[{"href":"https:\/\/duckdeco.lt\/lt\/wp-json\/wp\/v2\/types\/product"}],"version-history":[{"count":1,"href":"https:\/\/duckdeco.lt\/lt\/wp-json\/wp\/v2\/product\/16007\/revisions"}],"predecessor-version":[{"id":16009,"href":"https:\/\/duckdeco.lt\/lt\/wp-json\/wp\/v2\/product\/16007\/revisions\/16009"}],"wp:featuredmedia":[{"embeddable":true,"href":"https:\/\/duckdeco.lt\/lt\/wp-json\/wp\/v2\/media\/16008"}],"wp:attachment":[{"href":"https:\/\/duckdeco.lt\/lt\/wp-json\/wp\/v2\/media?parent=16007"}],"wp:term":[{"taxonomy":"product_brand","embeddable":true,"href":"https:\/\/duckdeco.lt\/lt\/wp-json\/wp\/v2\/product_brand?post=16007"},{"taxonomy":"product_cat","embeddable":true,"href":"https:\/\/duckdeco.lt\/lt\/wp-json\/wp\/v2\/product_cat?post=16007"},{"taxonomy":"product_tag","embeddable":true,"href":"https:\/\/duckdeco.lt\/lt\/wp-json\/wp\/v2\/product_tag?post=16007"}],"curies":[{"name":"wp","href":"https:\/\/api.w.org\/{rel}","templated":true}]}}