{"id":16010,"date":"2026-03-17T10:01:10","date_gmt":"2026-03-17T08:01:10","guid":{"rendered":"https:\/\/duckdeco.lt\/?post_type=product&#038;p=16010"},"modified":"2026-03-17T10:03:00","modified_gmt":"2026-03-17T08:03:00","slug":"zvakide-black-orange","status":"publish","type":"product","link":"https:\/\/duckdeco.lt\/lt\/product\/zvakide-black-orange\/","title":{"rendered":"\u017dvakid\u0117 Black\/ orange"},"content":{"rendered":"<ul>\n<li>Dvispalv\u0117 kri\u0161tolinio stiklo \u017evakid\u0117. Juoda\/ oran\u017ein\u0117.<\/li>\n<li>\n<table width=\"220\">\n<tbody>\n<tr>\n<td width=\"220\">Ilgis \/ plotis \/ auk\u0161tis<\/td>\n<\/tr>\n<tr>\n<td width=\"220\">5x5x8 cm<\/td>\n<\/tr>\n<\/tbody>\n<\/table>\n<\/li>\n<\/ul>\n","protected":false},"excerpt":{"rendered":"<p>Dvispalv\u0117 kri\u0161tolinio stiklo \u017evakid\u0117. Juoda\/ oran\u017ein\u0117. Ilgis \/ plotis \/ auk\u0161tis 5x5x8 cm<\/p>\n","protected":false},"featured_media":15964,"template":"","meta":{"_monsterinsights_skip_tracking":false,"_monsterinsights_sitenote_active":false,"_monsterinsights_sitenote_note":"","_monsterinsights_sitenote_category":0},"product_brand":[],"product_cat":[106,107],"product_tag":[547],"class_list":{"0":"post-16010","1":"product","2":"type-product","3":"status-publish","4":"has-post-thumbnail","6":"product_cat-dekoras-sventems","7":"product_cat-stilingos-zvakides-zvakes","8":"product_tag-kristoline-zvakide","10":"first","11":"instock","12":"taxable","13":"shipping-taxable","14":"purchasable","15":"product-type-simple"},"_links":{"self":[{"href":"https:\/\/duckdeco.lt\/lt\/wp-json\/wp\/v2\/product\/16010","targetHints":{"allow":["GET"]}}],"collection":[{"href":"https:\/\/duckdeco.lt\/lt\/wp-json\/wp\/v2\/product"}],"about":[{"href":"https:\/\/duckdeco.lt\/lt\/wp-json\/wp\/v2\/types\/product"}],"version-history":[{"count":1,"href":"https:\/\/duckdeco.lt\/lt\/wp-json\/wp\/v2\/product\/16010\/revisions"}],"predecessor-version":[{"id":16012,"href":"https:\/\/duckdeco.lt\/lt\/wp-json\/wp\/v2\/product\/16010\/revisions\/16012"}],"wp:featuredmedia":[{"embeddable":true,"href":"https:\/\/duckdeco.lt\/lt\/wp-json\/wp\/v2\/media\/15964"}],"wp:attachment":[{"href":"https:\/\/duckdeco.lt\/lt\/wp-json\/wp\/v2\/media?parent=16010"}],"wp:term":[{"taxonomy":"product_brand","embeddable":true,"href":"https:\/\/duckdeco.lt\/lt\/wp-json\/wp\/v2\/product_brand?post=16010"},{"taxonomy":"product_cat","embeddable":true,"href":"https:\/\/duckdeco.lt\/lt\/wp-json\/wp\/v2\/product_cat?post=16010"},{"taxonomy":"product_tag","embeddable":true,"href":"https:\/\/duckdeco.lt\/lt\/wp-json\/wp\/v2\/product_tag?post=16010"}],"curies":[{"name":"wp","href":"https:\/\/api.w.org\/{rel}","templated":true}]}}