{"id":16016,"date":"2026-03-17T10:17:01","date_gmt":"2026-03-17T08:17:01","guid":{"rendered":"https:\/\/duckdeco.lt\/?post_type=product&#038;p=16016"},"modified":"2026-03-17T10:17:01","modified_gmt":"2026-03-17T08:17:01","slug":"zvakide-orange-black","status":"publish","type":"product","link":"https:\/\/duckdeco.lt\/lt\/product\/zvakide-orange-black\/","title":{"rendered":"\u017dvakid\u0117 Orange\/ black"},"content":{"rendered":"<ul>\n<li>Dvispalv\u0117 kri\u0161tolinio stiklo \u017evakid\u0117. Oran\u017ein\u0117\/ juoda.<\/li>\n<li>\n<table width=\"220\">\n<tbody>\n<tr>\n<td width=\"220\">Ilgis \/ plotis \/ auk\u0161tis<\/td>\n<\/tr>\n<tr>\n<td width=\"220\">6x6x9 cm<\/td>\n<\/tr>\n<\/tbody>\n<\/table>\n<\/li>\n<\/ul>\n","protected":false},"excerpt":{"rendered":"<p>Dvispalv\u0117 kri\u0161tolinio stiklo \u017evakid\u0117. Oran\u017ein\u0117\/ juoda. Ilgis \/ plotis \/ auk\u0161tis 6x6x9 cm<\/p>\n","protected":false},"featured_media":16017,"template":"","meta":{"_monsterinsights_skip_tracking":false,"_monsterinsights_sitenote_active":false,"_monsterinsights_sitenote_note":"","_monsterinsights_sitenote_category":0},"product_brand":[],"product_cat":[106,107],"product_tag":[547],"class_list":{"0":"post-16016","1":"product","2":"type-product","3":"status-publish","4":"has-post-thumbnail","6":"product_cat-dekoras-sventems","7":"product_cat-stilingos-zvakides-zvakes","8":"product_tag-kristoline-zvakide","10":"first","11":"instock","12":"taxable","13":"shipping-taxable","14":"purchasable","15":"product-type-simple"},"_links":{"self":[{"href":"https:\/\/duckdeco.lt\/lt\/wp-json\/wp\/v2\/product\/16016","targetHints":{"allow":["GET"]}}],"collection":[{"href":"https:\/\/duckdeco.lt\/lt\/wp-json\/wp\/v2\/product"}],"about":[{"href":"https:\/\/duckdeco.lt\/lt\/wp-json\/wp\/v2\/types\/product"}],"version-history":[{"count":1,"href":"https:\/\/duckdeco.lt\/lt\/wp-json\/wp\/v2\/product\/16016\/revisions"}],"predecessor-version":[{"id":16018,"href":"https:\/\/duckdeco.lt\/lt\/wp-json\/wp\/v2\/product\/16016\/revisions\/16018"}],"wp:featuredmedia":[{"embeddable":true,"href":"https:\/\/duckdeco.lt\/lt\/wp-json\/wp\/v2\/media\/16017"}],"wp:attachment":[{"href":"https:\/\/duckdeco.lt\/lt\/wp-json\/wp\/v2\/media?parent=16016"}],"wp:term":[{"taxonomy":"product_brand","embeddable":true,"href":"https:\/\/duckdeco.lt\/lt\/wp-json\/wp\/v2\/product_brand?post=16016"},{"taxonomy":"product_cat","embeddable":true,"href":"https:\/\/duckdeco.lt\/lt\/wp-json\/wp\/v2\/product_cat?post=16016"},{"taxonomy":"product_tag","embeddable":true,"href":"https:\/\/duckdeco.lt\/lt\/wp-json\/wp\/v2\/product_tag?post=16016"}],"curies":[{"name":"wp","href":"https:\/\/api.w.org\/{rel}","templated":true}]}}