{"id":16031,"date":"2026-03-18T09:06:42","date_gmt":"2026-03-18T07:06:42","guid":{"rendered":"https:\/\/duckdeco.lt\/?post_type=product&#038;p=16031"},"modified":"2026-03-18T09:10:31","modified_gmt":"2026-03-18T07:10:31","slug":"vaza-gwen","status":"publish","type":"product","link":"https:\/\/duckdeco.lt\/lt\/product\/vaza-gwen\/","title":{"rendered":"Vaza Gwen"},"content":{"rendered":"<ul>\n<li><span class=\"HwtZe\" lang=\"lt\"><span class=\"jCAhz ChMk0b\"><span class=\"ryNqvb\">Rank\u0173 darbo<\/span><\/span><span class=\"jCAhz ChMk0b\"><span class=\"ryNqvb\"> keramikin\u0117 vaza yra daugiau nei dekoratyvinis elementas \u2013 ji pasakoja tradicinio meistri\u0161kumo ir \u0161iuolaikinio dizaino istorij\u0105.<\/span><\/span> <\/span><\/li>\n<li><span class=\"HwtZe\" lang=\"lt\"><span class=\"jCAhz ChMk0b\"><span class=\"ryNqvb\">Rafinuot\u0173 form\u0173 ir autenti\u0161k\u0173 detali\u0173 d\u0117ka \u201eGwen\u201c vaza yra ak\u012f traukiantis bet kokio interjero akcentas.<\/span><\/span> <span class=\"jCAhz ChMk0b\"><span class=\"ryNqvb\">Leiskite sau b\u016bti su\u017eav\u0117tam jos nesenstan\u010diu patrauklumu ir suteikite savo gyvenamajai erdvei papildom\u0105 stiliaus ir elegancijos poj\u016bt\u012f. <\/span><\/span><\/span><\/li>\n<li><span class=\"HwtZe\" lang=\"lt\"><span class=\"jCAhz ChMk0b\"><span class=\"ryNqvb\">Detal\u0117s: med\u017eiaga &#8211; keramika. <\/span><\/span><\/span><\/li>\n<li><span class=\"HwtZe\" lang=\"lt\"><span class=\"HwtZe\" lang=\"lt\"><span class=\"jCAhz ChMk0b\"><span class=\"ryNqvb\">Spalva &#8211; kremin\u0117.<\/span><\/span><\/span><\/span><br \/>\n<table width=\"405\">\n<tbody>\n<tr>\n<td width=\"91\">I\u0161matavimai: Skersmuo 16 cm \/ Auk\u0161tis 25 cm.<\/td>\n<\/tr>\n<\/tbody>\n<\/table>\n<\/li>\n<\/ul>\n","protected":false},"excerpt":{"rendered":"<p>Rank\u0173 darbo keramikin\u0117 vaza yra daugiau nei dekoratyvinis elementas \u2013 ji pasakoja tradicinio meistri\u0161kumo ir \u0161iuolaikinio dizaino istorij\u0105. Rafinuot\u0173 form\u0173 ir autenti\u0161k\u0173 detali\u0173 d\u0117ka \u201eGwen\u201c vaza yra ak\u012f traukiantis bet kokio interjero akcentas. Leiskite sau b\u016bti su\u017eav\u0117tam jos nesenstan\u010diu patrauklumu ir suteikite savo gyvenamajai erdvei papildom\u0105 stiliaus ir elegancijos poj\u016bt\u012f. Detal\u0117s: med\u017eiaga &#8211; keramika. Spalva &hellip; <br \/><a href=\"https:\/\/duckdeco.lt\/lt\/product\/vaza-gwen\/\" class=\"more-link\">Continue reading <span class=\"screen-reader-text\">Vaza Gwen<\/span><\/a><\/p>\n","protected":false},"featured_media":16034,"template":"","meta":{"_monsterinsights_skip_tracking":false,"_monsterinsights_sitenote_active":false,"_monsterinsights_sitenote_note":"","_monsterinsights_sitenote_category":0},"product_brand":[],"product_cat":[103,101],"product_tag":[468],"class_list":{"0":"post-16031","1":"product","2":"type-product","3":"status-publish","4":"has-post-thumbnail","6":"product_cat-dovanu-idejos","7":"product_cat-vazos","8":"product_tag-keramikine-vaza","10":"first","11":"instock","12":"taxable","13":"shipping-taxable","14":"purchasable","15":"product-type-simple"},"_links":{"self":[{"href":"https:\/\/duckdeco.lt\/lt\/wp-json\/wp\/v2\/product\/16031","targetHints":{"allow":["GET"]}}],"collection":[{"href":"https:\/\/duckdeco.lt\/lt\/wp-json\/wp\/v2\/product"}],"about":[{"href":"https:\/\/duckdeco.lt\/lt\/wp-json\/wp\/v2\/types\/product"}],"version-history":[{"count":1,"href":"https:\/\/duckdeco.lt\/lt\/wp-json\/wp\/v2\/product\/16031\/revisions"}],"predecessor-version":[{"id":16033,"href":"https:\/\/duckdeco.lt\/lt\/wp-json\/wp\/v2\/product\/16031\/revisions\/16033"}],"wp:featuredmedia":[{"embeddable":true,"href":"https:\/\/duckdeco.lt\/lt\/wp-json\/wp\/v2\/media\/16034"}],"wp:attachment":[{"href":"https:\/\/duckdeco.lt\/lt\/wp-json\/wp\/v2\/media?parent=16031"}],"wp:term":[{"taxonomy":"product_brand","embeddable":true,"href":"https:\/\/duckdeco.lt\/lt\/wp-json\/wp\/v2\/product_brand?post=16031"},{"taxonomy":"product_cat","embeddable":true,"href":"https:\/\/duckdeco.lt\/lt\/wp-json\/wp\/v2\/product_cat?post=16031"},{"taxonomy":"product_tag","embeddable":true,"href":"https:\/\/duckdeco.lt\/lt\/wp-json\/wp\/v2\/product_tag?post=16031"}],"curies":[{"name":"wp","href":"https:\/\/api.w.org\/{rel}","templated":true}]}}