{"id":16043,"date":"2026-03-19T11:21:48","date_gmt":"2026-03-19T09:21:48","guid":{"rendered":"https:\/\/duckdeco.lt\/?post_type=product&#038;p=16043"},"modified":"2026-04-02T15:05:12","modified_gmt":"2026-04-02T12:05:12","slug":"velykines-zvakes","status":"publish","type":"product","link":"https:\/\/duckdeco.lt\/lt\/product\/velykines-zvakes\/","title":{"rendered":"Velykin\u0117s \u017evak\u0117s"},"content":{"rendered":"<ul>\n<li><span class=\"HwtZe\" lang=\"lt\"><span class=\"HwtZe\" lang=\"lt\"><span class=\"jCAhz ChMk0b\"><span class=\"ryNqvb\">Kiekvienas met\u0173 laikas turi savo \u017eavesio. <\/span><\/span>Velyk\u0173 stalui suteikite papildomos \u0161ilumos, su pagrindiniu \u0161vent\u0117s akcentu Velykiniu margu\u010diu &#8211; \u017evake.\u00a0<\/span><\/span><\/li>\n<li><span class=\"HwtZe\" lang=\"lt\"><span class=\"HwtZe\" lang=\"lt\"><span class=\"jCAhz ChMk0b\"><span class=\"ryNqvb\">Detal\u0117s: med\u017eiaga &#8211; va\u0161kas. <\/span><\/span><\/span><\/span><\/li>\n<li><span class=\"HwtZe\" lang=\"lt\"><span class=\"HwtZe\" lang=\"lt\"><span class=\"jCAhz ChMk0b\"><span class=\"ryNqvb\">Spalva &#8211; \u012fvairiaspalvis. <\/span><\/span><\/span><\/span><\/li>\n<li><span class=\"HwtZe\" lang=\"lt\"><span class=\"HwtZe\" lang=\"lt\"><span class=\"jCAhz ChMk0b\"><span class=\"ryNqvb\">Dega iki 11 val. <\/span><\/span><\/span><\/span><\/li>\n<li><span class=\"HwtZe\" lang=\"lt\"><span class=\"HwtZe\" lang=\"lt\"><span class=\"jCAhz ChMk0b\"><span class=\"ryNqvb\">Pakuot\u0117je 4 vnt.\u00a0<\/span><\/span><\/span><\/span><br \/>\n<table width=\"405\">\n<tbody>\n<tr>\n<td width=\"91\">I\u0161matavimai: Skersmuo 49 cm\/ Auk\u0161tis 68 cm. .<\/td>\n<\/tr>\n<\/tbody>\n<\/table>\n<p>&nbsp;<\/li>\n<\/ul>\n","protected":false},"excerpt":{"rendered":"<p>Kiekvienas met\u0173 laikas turi savo \u017eavesio. Velyk\u0173 stalui suteikite papildomos \u0161ilumos, su pagrindiniu \u0161vent\u0117s akcentu Velykiniu margu\u010diu &#8211; \u017evake.\u00a0 Detal\u0117s: med\u017eiaga &#8211; va\u0161kas. Spalva &#8211; \u012fvairiaspalvis. Dega iki 11 val. Pakuot\u0117je 4 vnt.\u00a0 I\u0161matavimai: Skersmuo 49 cm\/ Auk\u0161tis 68 cm. . &nbsp;<\/p>\n","protected":false},"featured_media":16044,"template":"","meta":{"_monsterinsights_skip_tracking":false,"_monsterinsights_sitenote_active":false,"_monsterinsights_sitenote_note":"","_monsterinsights_sitenote_category":0},"product_brand":[],"product_cat":[144],"product_tag":[548],"class_list":{"0":"post-16043","1":"product","2":"type-product","3":"status-publish","4":"has-post-thumbnail","6":"product_cat-zvakes","7":"product_tag-zvakes","9":"first","10":"instock","11":"taxable","12":"shipping-taxable","13":"purchasable","14":"product-type-simple"},"_links":{"self":[{"href":"https:\/\/duckdeco.lt\/lt\/wp-json\/wp\/v2\/product\/16043","targetHints":{"allow":["GET"]}}],"collection":[{"href":"https:\/\/duckdeco.lt\/lt\/wp-json\/wp\/v2\/product"}],"about":[{"href":"https:\/\/duckdeco.lt\/lt\/wp-json\/wp\/v2\/types\/product"}],"version-history":[{"count":3,"href":"https:\/\/duckdeco.lt\/lt\/wp-json\/wp\/v2\/product\/16043\/revisions"}],"predecessor-version":[{"id":16048,"href":"https:\/\/duckdeco.lt\/lt\/wp-json\/wp\/v2\/product\/16043\/revisions\/16048"}],"wp:featuredmedia":[{"embeddable":true,"href":"https:\/\/duckdeco.lt\/lt\/wp-json\/wp\/v2\/media\/16044"}],"wp:attachment":[{"href":"https:\/\/duckdeco.lt\/lt\/wp-json\/wp\/v2\/media?parent=16043"}],"wp:term":[{"taxonomy":"product_brand","embeddable":true,"href":"https:\/\/duckdeco.lt\/lt\/wp-json\/wp\/v2\/product_brand?post=16043"},{"taxonomy":"product_cat","embeddable":true,"href":"https:\/\/duckdeco.lt\/lt\/wp-json\/wp\/v2\/product_cat?post=16043"},{"taxonomy":"product_tag","embeddable":true,"href":"https:\/\/duckdeco.lt\/lt\/wp-json\/wp\/v2\/product_tag?post=16043"}],"curies":[{"name":"wp","href":"https:\/\/api.w.org\/{rel}","templated":true}]}}