{"id":16053,"date":"2026-03-19T12:14:23","date_gmt":"2026-03-19T10:14:23","guid":{"rendered":"https:\/\/duckdeco.lt\/?post_type=product&#038;p=16053"},"modified":"2026-03-19T12:14:23","modified_gmt":"2026-03-19T10:14:23","slug":"zvake-boulingas","status":"publish","type":"product","link":"https:\/\/duckdeco.lt\/lt\/product\/zvake-boulingas\/","title":{"rendered":"\u017dvak\u0117 Boulingas"},"content":{"rendered":"<ul>\n<li><span class=\"HwtZe\" lang=\"lt\"><span class=\"jCAhz ChMk0b\"><span class=\"ryNqvb\"> Su \u0161ia boulingo formos \u017evake suteikite savo namams \u017eaismingo akcento.<\/span><\/span> <span class=\"jCAhz ChMk0b\"><span class=\"ryNqvb\">Nesvarbu, ar \u017evak\u0119 deginate, ar naudojate kaip dekoracij\u0105, ji yra originalus ak\u012f traukiantis elementas, suteikiantis j\u016bs\u0173 interjerui papildomo charakterio. <\/span><\/span><\/span><\/li>\n<li><span class=\"HwtZe\" lang=\"lt\"><span class=\"jCAhz ChMk0b\"><span class=\"ryNqvb\">Detal\u0117s: med\u017eiaga &#8211; va\u0161kas. <\/span><\/span><\/span><\/li>\n<li><span class=\"HwtZe\" lang=\"lt\"><span class=\"HwtZe\" lang=\"lt\"><span class=\"jCAhz ChMk0b\"><span class=\"ryNqvb\">Spalva &#8211; balta \/ raudona.<\/span><\/span><\/span><\/span><br \/>\n<table width=\"405\">\n<tbody>\n<tr>\n<td width=\"91\">I\u0161matavimai: Skersmuo 6,5 cm \/ Auk\u0161tis 18,3 cm.<\/td>\n<\/tr>\n<\/tbody>\n<\/table>\n<\/li>\n<\/ul>\n","protected":false},"excerpt":{"rendered":"<p>Su \u0161ia boulingo formos \u017evake suteikite savo namams \u017eaismingo akcento. Nesvarbu, ar \u017evak\u0119 deginate, ar naudojate kaip dekoracij\u0105, ji yra originalus ak\u012f traukiantis elementas, suteikiantis j\u016bs\u0173 interjerui papildomo charakterio. Detal\u0117s: med\u017eiaga &#8211; va\u0161kas. Spalva &#8211; balta \/ raudona. I\u0161matavimai: Skersmuo 6,5 cm \/ Auk\u0161tis 18,3 cm.<\/p>\n","protected":false},"featured_media":16054,"template":"","meta":{"_monsterinsights_skip_tracking":false,"_monsterinsights_sitenote_active":false,"_monsterinsights_sitenote_note":"","_monsterinsights_sitenote_category":0},"product_brand":[],"product_cat":[144],"product_tag":[],"class_list":{"0":"post-16053","1":"product","2":"type-product","3":"status-publish","4":"has-post-thumbnail","6":"product_cat-zvakes","8":"first","9":"instock","10":"taxable","11":"shipping-taxable","12":"purchasable","13":"product-type-simple"},"_links":{"self":[{"href":"https:\/\/duckdeco.lt\/lt\/wp-json\/wp\/v2\/product\/16053","targetHints":{"allow":["GET"]}}],"collection":[{"href":"https:\/\/duckdeco.lt\/lt\/wp-json\/wp\/v2\/product"}],"about":[{"href":"https:\/\/duckdeco.lt\/lt\/wp-json\/wp\/v2\/types\/product"}],"version-history":[{"count":1,"href":"https:\/\/duckdeco.lt\/lt\/wp-json\/wp\/v2\/product\/16053\/revisions"}],"predecessor-version":[{"id":16055,"href":"https:\/\/duckdeco.lt\/lt\/wp-json\/wp\/v2\/product\/16053\/revisions\/16055"}],"wp:featuredmedia":[{"embeddable":true,"href":"https:\/\/duckdeco.lt\/lt\/wp-json\/wp\/v2\/media\/16054"}],"wp:attachment":[{"href":"https:\/\/duckdeco.lt\/lt\/wp-json\/wp\/v2\/media?parent=16053"}],"wp:term":[{"taxonomy":"product_brand","embeddable":true,"href":"https:\/\/duckdeco.lt\/lt\/wp-json\/wp\/v2\/product_brand?post=16053"},{"taxonomy":"product_cat","embeddable":true,"href":"https:\/\/duckdeco.lt\/lt\/wp-json\/wp\/v2\/product_cat?post=16053"},{"taxonomy":"product_tag","embeddable":true,"href":"https:\/\/duckdeco.lt\/lt\/wp-json\/wp\/v2\/product_tag?post=16053"}],"curies":[{"name":"wp","href":"https:\/\/api.w.org\/{rel}","templated":true}]}}